{"id":22,"date":"2019-05-03T11:56:16","date_gmt":"2019-05-03T11:56:16","guid":{"rendered":"https:\/\/www.rayskala.fi\/smkisat\/?page_id=22"},"modified":"2026-02-10T16:52:59","modified_gmt":"2026-02-10T14:52:59","slug":"yhteystiedot","status":"publish","type":"page","link":"https:\/\/www.rayskala.fi\/smkisat\/yhteystiedot\/","title":{"rendered":"Yhteystiedot"},"content":{"rendered":"<h1>Yhteystiedot<\/h1>\n<p><b>Kilpailunjohtaja<\/b><br \/>\nEsko Lehtonen<br \/>\npuh. 0400 481 675<br \/>\nesko.lehtonen@rayskala.fi<\/p>\n<p><strong>Majoitusvaraukset<br \/>\n<\/strong>office@rayskala.fi<\/p>\n<p><b>R\u00e4ysk\u00e4l\u00e4-S\u00e4\u00e4ti\u00f6<\/b><br \/>\nAnu Vahteristo<br \/>\n0400 921 260<br \/>\nanu.vahteristo@rayskala.fi<\/p>\n<p>&nbsp;<\/p>\n","protected":false},"excerpt":{"rendered":"<p>Yhteystiedot Kilpailunjohtaja Esko Lehtonen puh. 0400 481 675 esko.lehtonen@rayskala.fi Majoitusvaraukset office@rayskala.fi R\u00e4ysk\u00e4l\u00e4-S\u00e4\u00e4ti\u00f6 Anu Vahteristo 0400 921 260 anu.vahteristo@rayskala.fi &nbsp;<\/p>\n","protected":false},"author":1,"featured_media":0,"parent":0,"menu_order":6000,"comment_status":"closed","ping_status":"closed","template":"","meta":{"footnotes":""},"class_list":["post-22","page","type-page","status-publish","hentry","wpbf-post"],"yoast_head":"<!-- This site is optimized with the Yoast SEO plugin v27.6 - https:\/\/yoast.com\/product\/yoast-seo-wordpress\/ -->\n<title>Yhteystiedot &#060; Purjelennon SM-kilpailut<\/title>\n<meta name=\"robots\" content=\"noindex, follow\" \/>\n<meta property=\"og:locale\" content=\"fi_FI\" \/>\n<meta property=\"og:type\" content=\"article\" \/>\n<meta property=\"og:title\" content=\"Yhteystiedot &#060; Purjelennon SM-kilpailut\" \/>\n<meta property=\"og:description\" content=\"Yhteystiedot Kilpailunjohtaja Esko Lehtonen puh. 0400 481 675 esko.lehtonen@rayskala.fi Majoitusvaraukset office@rayskala.fi R\u00e4ysk\u00e4l\u00e4-S\u00e4\u00e4ti\u00f6 Anu Vahteristo 0400 921 260 anu.vahteristo@rayskala.fi &nbsp;\" \/>\n<meta property=\"og:url\" content=\"https:\/\/www.rayskala.fi\/smkisat\/yhteystiedot\/\" \/>\n<meta property=\"og:site_name\" content=\"Purjelennon SM-kilpailut\" \/>\n<meta property=\"article:publisher\" content=\"https:\/\/www.facebook.com\/rayskala.fi\" \/>\n<meta property=\"article:modified_time\" content=\"2026-02-10T14:52:59+00:00\" \/>\n<meta property=\"og:image\" content=\"https:\/\/www.rayskala.fi\/files\/sites\/7\/rayskala-halliaukio_bocian.jpg\" \/>\n\t<meta property=\"og:image:width\" content=\"1400\" \/>\n\t<meta property=\"og:image:height\" content=\"930\" \/>\n\t<meta property=\"og:image:type\" content=\"image\/jpeg\" \/>\n<meta name=\"twitter:card\" content=\"summary_large_image\" \/>\n<meta name=\"twitter:label1\" content=\"Arvioitu lukuaika\" \/>\n\t<meta name=\"twitter:data1\" content=\"1 minuutti\" \/>\n<script type=\"application\/ld+json\" class=\"yoast-schema-graph\">{\"@context\":\"https:\\\/\\\/schema.org\",\"@graph\":[{\"@type\":\"WebPage\",\"@id\":\"https:\\\/\\\/www.rayskala.fi\\\/smkisat\\\/yhteystiedot\\\/\",\"url\":\"https:\\\/\\\/www.rayskala.fi\\\/smkisat\\\/yhteystiedot\\\/\",\"name\":\"Yhteystiedot &#060; Purjelennon SM-kilpailut\",\"isPartOf\":{\"@id\":\"https:\\\/\\\/www.rayskala.fi\\\/smkisat\\\/#website\"},\"datePublished\":\"2019-05-03T11:56:16+00:00\",\"dateModified\":\"2026-02-10T14:52:59+00:00\",\"breadcrumb\":{\"@id\":\"https:\\\/\\\/www.rayskala.fi\\\/smkisat\\\/yhteystiedot\\\/#breadcrumb\"},\"inLanguage\":\"fi\",\"potentialAction\":[{\"@type\":\"ReadAction\",\"target\":[\"https:\\\/\\\/www.rayskala.fi\\\/smkisat\\\/yhteystiedot\\\/\"]}]},{\"@type\":\"BreadcrumbList\",\"@id\":\"https:\\\/\\\/www.rayskala.fi\\\/smkisat\\\/yhteystiedot\\\/#breadcrumb\",\"itemListElement\":[{\"@type\":\"ListItem\",\"position\":1,\"name\":\"Home\",\"item\":\"https:\\\/\\\/www.rayskala.fi\\\/smkisat\\\/\"},{\"@type\":\"ListItem\",\"position\":2,\"name\":\"Yhteystiedot\"}]},{\"@type\":\"WebSite\",\"@id\":\"https:\\\/\\\/www.rayskala.fi\\\/smkisat\\\/#website\",\"url\":\"https:\\\/\\\/www.rayskala.fi\\\/smkisat\\\/\",\"name\":\"Purjelennon SM-kilpailut\",\"description\":\"Purjelennon SM-kilpailut R\u00e4ysk\u00e4l\u00e4ss\u00e4\",\"publisher\":{\"@id\":\"https:\\\/\\\/www.rayskala.fi\\\/smkisat\\\/#organization\"},\"potentialAction\":[{\"@type\":\"SearchAction\",\"target\":{\"@type\":\"EntryPoint\",\"urlTemplate\":\"https:\\\/\\\/www.rayskala.fi\\\/smkisat\\\/?s={search_term_string}\"},\"query-input\":{\"@type\":\"PropertyValueSpecification\",\"valueRequired\":true,\"valueName\":\"search_term_string\"}}],\"inLanguage\":\"fi\"},{\"@type\":\"Organization\",\"@id\":\"https:\\\/\\\/www.rayskala.fi\\\/smkisat\\\/#organization\",\"name\":\"Purjelennon SM-kilpailut\",\"url\":\"https:\\\/\\\/www.rayskala.fi\\\/smkisat\\\/\",\"logo\":{\"@type\":\"ImageObject\",\"inLanguage\":\"fi\",\"@id\":\"https:\\\/\\\/www.rayskala.fi\\\/smkisat\\\/#\\\/schema\\\/logo\\\/image\\\/\",\"url\":\"https:\\\/\\\/www.rayskala.fi\\\/files\\\/sites\\\/7\\\/rayskala_logo_600px_taustalla.png\",\"contentUrl\":\"https:\\\/\\\/www.rayskala.fi\\\/files\\\/sites\\\/7\\\/rayskala_logo_600px_taustalla.png\",\"width\":900,\"height\":800,\"caption\":\"Purjelennon SM-kilpailut\"},\"image\":{\"@id\":\"https:\\\/\\\/www.rayskala.fi\\\/smkisat\\\/#\\\/schema\\\/logo\\\/image\\\/\"},\"sameAs\":[\"https:\\\/\\\/www.facebook.com\\\/rayskala.fi\"]}]}<\/script>\n<!-- \/ Yoast SEO plugin. -->","yoast_head_json":{"title":"Yhteystiedot &#060; Purjelennon SM-kilpailut","robots":{"index":"noindex","follow":"follow"},"og_locale":"fi_FI","og_type":"article","og_title":"Yhteystiedot &#060; Purjelennon SM-kilpailut","og_description":"Yhteystiedot Kilpailunjohtaja Esko Lehtonen puh. 0400 481 675 esko.lehtonen@rayskala.fi Majoitusvaraukset office@rayskala.fi R\u00e4ysk\u00e4l\u00e4-S\u00e4\u00e4ti\u00f6 Anu Vahteristo 0400 921 260 anu.vahteristo@rayskala.fi &nbsp;","og_url":"https:\/\/www.rayskala.fi\/smkisat\/yhteystiedot\/","og_site_name":"Purjelennon SM-kilpailut","article_publisher":"https:\/\/www.facebook.com\/rayskala.fi","article_modified_time":"2026-02-10T14:52:59+00:00","og_image":[{"width":1400,"height":930,"url":"https:\/\/www.rayskala.fi\/files\/sites\/7\/rayskala-halliaukio_bocian.jpg","type":"image\/jpeg"}],"twitter_card":"summary_large_image","twitter_misc":{"Arvioitu lukuaika":"1 minuutti"},"schema":{"@context":"https:\/\/schema.org","@graph":[{"@type":"WebPage","@id":"https:\/\/www.rayskala.fi\/smkisat\/yhteystiedot\/","url":"https:\/\/www.rayskala.fi\/smkisat\/yhteystiedot\/","name":"Yhteystiedot &#060; Purjelennon SM-kilpailut","isPartOf":{"@id":"https:\/\/www.rayskala.fi\/smkisat\/#website"},"datePublished":"2019-05-03T11:56:16+00:00","dateModified":"2026-02-10T14:52:59+00:00","breadcrumb":{"@id":"https:\/\/www.rayskala.fi\/smkisat\/yhteystiedot\/#breadcrumb"},"inLanguage":"fi","potentialAction":[{"@type":"ReadAction","target":["https:\/\/www.rayskala.fi\/smkisat\/yhteystiedot\/"]}]},{"@type":"BreadcrumbList","@id":"https:\/\/www.rayskala.fi\/smkisat\/yhteystiedot\/#breadcrumb","itemListElement":[{"@type":"ListItem","position":1,"name":"Home","item":"https:\/\/www.rayskala.fi\/smkisat\/"},{"@type":"ListItem","position":2,"name":"Yhteystiedot"}]},{"@type":"WebSite","@id":"https:\/\/www.rayskala.fi\/smkisat\/#website","url":"https:\/\/www.rayskala.fi\/smkisat\/","name":"Purjelennon SM-kilpailut","description":"Purjelennon SM-kilpailut R\u00e4ysk\u00e4l\u00e4ss\u00e4","publisher":{"@id":"https:\/\/www.rayskala.fi\/smkisat\/#organization"},"potentialAction":[{"@type":"SearchAction","target":{"@type":"EntryPoint","urlTemplate":"https:\/\/www.rayskala.fi\/smkisat\/?s={search_term_string}"},"query-input":{"@type":"PropertyValueSpecification","valueRequired":true,"valueName":"search_term_string"}}],"inLanguage":"fi"},{"@type":"Organization","@id":"https:\/\/www.rayskala.fi\/smkisat\/#organization","name":"Purjelennon SM-kilpailut","url":"https:\/\/www.rayskala.fi\/smkisat\/","logo":{"@type":"ImageObject","inLanguage":"fi","@id":"https:\/\/www.rayskala.fi\/smkisat\/#\/schema\/logo\/image\/","url":"https:\/\/www.rayskala.fi\/files\/sites\/7\/rayskala_logo_600px_taustalla.png","contentUrl":"https:\/\/www.rayskala.fi\/files\/sites\/7\/rayskala_logo_600px_taustalla.png","width":900,"height":800,"caption":"Purjelennon SM-kilpailut"},"image":{"@id":"https:\/\/www.rayskala.fi\/smkisat\/#\/schema\/logo\/image\/"},"sameAs":["https:\/\/www.facebook.com\/rayskala.fi"]}]}},"publishpress_future_action":{"enabled":false,"date":"2026-05-20 12:57:01","action":"change-status","newStatus":"draft","terms":[],"taxonomy":"","extraData":[]},"publishpress_future_workflow_manual_trigger":{"enabledWorkflows":[]},"_links":{"self":[{"href":"https:\/\/www.rayskala.fi\/smkisat\/wp-json\/wp\/v2\/pages\/22","targetHints":{"allow":["GET"]}}],"collection":[{"href":"https:\/\/www.rayskala.fi\/smkisat\/wp-json\/wp\/v2\/pages"}],"about":[{"href":"https:\/\/www.rayskala.fi\/smkisat\/wp-json\/wp\/v2\/types\/page"}],"author":[{"embeddable":true,"href":"https:\/\/www.rayskala.fi\/smkisat\/wp-json\/wp\/v2\/users\/1"}],"replies":[{"embeddable":true,"href":"https:\/\/www.rayskala.fi\/smkisat\/wp-json\/wp\/v2\/comments?post=22"}],"version-history":[{"count":14,"href":"https:\/\/www.rayskala.fi\/smkisat\/wp-json\/wp\/v2\/pages\/22\/revisions"}],"predecessor-version":[{"id":1599,"href":"https:\/\/www.rayskala.fi\/smkisat\/wp-json\/wp\/v2\/pages\/22\/revisions\/1599"}],"wp:attachment":[{"href":"https:\/\/www.rayskala.fi\/smkisat\/wp-json\/wp\/v2\/media?parent=22"}],"curies":[{"name":"wp","href":"https:\/\/api.w.org\/{rel}","templated":true}]}}