{"id":22,"date":"2019-05-03T11:56:16","date_gmt":"2019-05-03T11:56:16","guid":{"rendered":"https:\/\/www.rayskala.fi\/masters\/?page_id=22"},"modified":"2024-07-04T23:46:11","modified_gmt":"2024-07-04T20:46:11","slug":"contact","status":"publish","type":"page","link":"https:\/\/www.rayskala.fi\/masters\/contact\/","title":{"rendered":"Contact Us\/Ota yhteytt\u00e4"},"content":{"rendered":"\t\t<div data-elementor-type=\"wp-page\" data-elementor-id=\"22\" class=\"elementor elementor-22\" data-elementor-post-type=\"page\">\n\t\t\t\t<div class=\"elementor-element elementor-element-4f7e4ac e-flex e-con-boxed e-con e-parent\" data-id=\"4f7e4ac\" data-element_type=\"container\" data-e-type=\"container\">\n\t\t\t\t\t<div class=\"e-con-inner\">\n\t\t<div class=\"elementor-element elementor-element-728c862 e-con-full e-flex e-con e-child\" data-id=\"728c862\" data-element_type=\"container\" data-e-type=\"container\">\n\t\t\t\t<div class=\"elementor-element elementor-element-882b535 elementor-widget elementor-widget-text-editor\" data-id=\"882b535\" data-element_type=\"widget\" data-e-type=\"widget\" data-widget_type=\"text-editor.default\">\n\t\t\t\t<div class=\"elementor-widget-container\">\n\t\t\t\t\t\t\t\t\t<h1>Contact Us<\/h1><h3><b>R\u00e4ysk\u00e4l\u00e4-S\u00e4\u00e4ti\u00f6 \/ R\u00e4ysk\u00e4l\u00e4 Foundation<\/b><\/h3><p>R\u00e4ysk\u00e4l\u00e4ntie 311<br \/>12820 R\u00e4ysk\u00e4l\u00e4<br \/>FINLAND<\/p><p>Business ID: FI02180674\u00a0<\/p><p><strong>General Manager = S\u00e4\u00e4ti\u00f6n toiminnanjohtaja<\/strong><br \/>Anu Vahteristo<br \/>tel. +358 400 921 260<br \/>anu.vahteristo@rayskala.fi<\/p><h3>Bank details<\/h3><p><b>Receiver: <\/b>R\u00e4ysk\u00e4l\u00e4-S\u00e4\u00e4ti\u00f6\u00a0<br \/><b>Bank:<\/b> Osuuspankki Loppi<br \/><b>IBAN: <\/b>FI26 5253 1520 0119 91<br \/><b>BIC:<\/b> OKOYFIHH<\/p>\t\t\t\t\t\t\t\t<\/div>\n\t\t\t\t<\/div>\n\t\t\t\t<\/div>\n\t\t<div class=\"elementor-element elementor-element-958e332 e-con-full e-flex e-con e-child\" data-id=\"958e332\" data-element_type=\"container\" data-e-type=\"container\">\n\t\t\t\t<div class=\"elementor-element elementor-element-544890c elementor-widget elementor-widget-google_maps\" data-id=\"544890c\" data-element_type=\"widget\" data-e-type=\"widget\" data-widget_type=\"google_maps.default\">\n\t\t\t\t<div class=\"elementor-widget-container\">\n\t\t\t\t\t\t\t<div class=\"elementor-custom-embed\">\n\t\t\t<iframe loading=\"lazy\"\n\t\t\t\t\tsrc=\"https:\/\/maps.google.com\/maps?q=R%C3%A4ysk%C3%A4l%C3%A4n%20ilmailukeskus&#038;t=m&#038;z=10&#038;output=embed&#038;iwloc=near\"\n\t\t\t\t\ttitle=\"R\u00e4ysk\u00e4l\u00e4n ilmailukeskus\"\n\t\t\t\t\taria-label=\"R\u00e4ysk\u00e4l\u00e4n ilmailukeskus\"\n\t\t\t><\/iframe>\n\t\t<\/div>\n\t\t\t\t\t\t<\/div>\n\t\t\t\t<\/div>\n\t\t\t\t<\/div>\n\t\t\t\t\t<\/div>\n\t\t\t\t<\/div>\n\t\t\t\t<\/div>\n\t\t","protected":false},"excerpt":{"rendered":"<p>Contact Us R\u00e4ysk\u00e4l\u00e4-S\u00e4\u00e4ti\u00f6 \/ R\u00e4ysk\u00e4l\u00e4 Foundation R\u00e4ysk\u00e4l\u00e4ntie 31112820 R\u00e4ysk\u00e4l\u00e4FINLAND Business ID: FI02180674\u00a0 General Manager = S\u00e4\u00e4ti\u00f6n toiminnanjohtajaAnu Vahteristotel. +358 400 921 260anu.vahteristo@rayskala.fi Bank details Receiver: R\u00e4ysk\u00e4l\u00e4-S\u00e4\u00e4ti\u00f6\u00a0Bank: Osuuspankki LoppiIBAN: FI26 5253 1520 0119 91BIC: OKOYFIHH<\/p>\n","protected":false},"author":1,"featured_media":0,"parent":0,"menu_order":6000,"comment_status":"closed","ping_status":"closed","template":"","meta":{"footnotes":""},"class_list":["post-22","page","type-page","status-publish","hentry","wpbf-post"],"yoast_head":"<!-- This site is optimized with the Yoast SEO plugin v27.4 - https:\/\/yoast.com\/product\/yoast-seo-wordpress\/ -->\n<title>Contact Us\/Ota yhteytt\u00e4 &#060; R\u00e4ysk\u00e4l\u00e4 Masters<\/title>\n<meta name=\"description\" content=\"R\u00e4ysk\u00e4l Masters contact details, for accommodation and other inquiries.\" \/>\n<meta name=\"robots\" content=\"index, follow, max-snippet:-1, max-image-preview:large, max-video-preview:-1\" \/>\n<link rel=\"canonical\" href=\"https:\/\/www.rayskala.fi\/masters\/contact\/\" \/>\n<meta property=\"og:locale\" content=\"en_GB\" \/>\n<meta property=\"og:type\" content=\"article\" \/>\n<meta property=\"og:title\" content=\"Contact Us\/Ota yhteytt\u00e4 &#060; R\u00e4ysk\u00e4l\u00e4 Masters\" \/>\n<meta property=\"og:description\" content=\"R\u00e4ysk\u00e4l Masters contact details, for accommodation and other inquiries.\" \/>\n<meta property=\"og:url\" content=\"https:\/\/www.rayskala.fi\/masters\/contact\/\" \/>\n<meta property=\"og:site_name\" content=\"R\u00e4ysk\u00e4l\u00e4 Masters\" \/>\n<meta property=\"article:publisher\" content=\"https:\/\/www.facebook.com\/rayskalamasters\" \/>\n<meta property=\"article:modified_time\" content=\"2024-07-04T20:46:11+00:00\" \/>\n<meta name=\"twitter:card\" content=\"summary_large_image\" \/>\n<meta name=\"twitter:label1\" content=\"Estimated reading time\" \/>\n\t<meta name=\"twitter:data1\" content=\"1 minute\" \/>\n<script type=\"application\/ld+json\" class=\"yoast-schema-graph\">{\"@context\":\"https:\\\/\\\/schema.org\",\"@graph\":[{\"@type\":\"WebPage\",\"@id\":\"https:\\\/\\\/www.rayskala.fi\\\/masters\\\/contact\\\/\",\"url\":\"https:\\\/\\\/www.rayskala.fi\\\/masters\\\/contact\\\/\",\"name\":\"Contact Us\\\/Ota yhteytt\u00e4 &#060; R\u00e4ysk\u00e4l\u00e4 Masters\",\"isPartOf\":{\"@id\":\"https:\\\/\\\/www.rayskala.fi\\\/masters\\\/#website\"},\"datePublished\":\"2019-05-03T11:56:16+00:00\",\"dateModified\":\"2024-07-04T20:46:11+00:00\",\"description\":\"R\u00e4ysk\u00e4l Masters contact details, for accommodation and other inquiries.\",\"breadcrumb\":{\"@id\":\"https:\\\/\\\/www.rayskala.fi\\\/masters\\\/contact\\\/#breadcrumb\"},\"inLanguage\":\"en-GB\",\"potentialAction\":[{\"@type\":\"ReadAction\",\"target\":[\"https:\\\/\\\/www.rayskala.fi\\\/masters\\\/contact\\\/\"]}]},{\"@type\":\"BreadcrumbList\",\"@id\":\"https:\\\/\\\/www.rayskala.fi\\\/masters\\\/contact\\\/#breadcrumb\",\"itemListElement\":[{\"@type\":\"ListItem\",\"position\":1,\"name\":\"Home\",\"item\":\"https:\\\/\\\/www.rayskala.fi\\\/masters\\\/\"},{\"@type\":\"ListItem\",\"position\":2,\"name\":\"Contact Us\\\/Ota yhteytt\u00e4\"}]},{\"@type\":\"WebSite\",\"@id\":\"https:\\\/\\\/www.rayskala.fi\\\/masters\\\/#website\",\"url\":\"https:\\\/\\\/www.rayskala.fi\\\/masters\\\/\",\"name\":\"R\u00e4ysk\u00e4l\u00e4 Masters\",\"description\":\"Next generation gliding competition\",\"publisher\":{\"@id\":\"https:\\\/\\\/www.rayskala.fi\\\/masters\\\/#organization\"},\"potentialAction\":[{\"@type\":\"SearchAction\",\"target\":{\"@type\":\"EntryPoint\",\"urlTemplate\":\"https:\\\/\\\/www.rayskala.fi\\\/masters\\\/?s={search_term_string}\"},\"query-input\":{\"@type\":\"PropertyValueSpecification\",\"valueRequired\":true,\"valueName\":\"search_term_string\"}}],\"inLanguage\":\"en-GB\"},{\"@type\":\"Organization\",\"@id\":\"https:\\\/\\\/www.rayskala.fi\\\/masters\\\/#organization\",\"name\":\"R\u00e4ysk\u00e4l\u00e4 Masters\",\"url\":\"https:\\\/\\\/www.rayskala.fi\\\/masters\\\/\",\"logo\":{\"@type\":\"ImageObject\",\"inLanguage\":\"en-GB\",\"@id\":\"https:\\\/\\\/www.rayskala.fi\\\/masters\\\/#\\\/schema\\\/logo\\\/image\\\/\",\"url\":\"https:\\\/\\\/www.rayskala.fi\\\/files\\\/sites\\\/9\\\/rayskalamasters2018_square_big.png\",\"contentUrl\":\"https:\\\/\\\/www.rayskala.fi\\\/files\\\/sites\\\/9\\\/rayskalamasters2018_square_big.png\",\"width\":1041,\"height\":1077,\"caption\":\"R\u00e4ysk\u00e4l\u00e4 Masters\"},\"image\":{\"@id\":\"https:\\\/\\\/www.rayskala.fi\\\/masters\\\/#\\\/schema\\\/logo\\\/image\\\/\"},\"sameAs\":[\"https:\\\/\\\/www.facebook.com\\\/rayskalamasters\"]}]}<\/script>\n<!-- \/ Yoast SEO plugin. -->","yoast_head_json":{"title":"Contact Us\/Ota yhteytt\u00e4 &#060; R\u00e4ysk\u00e4l\u00e4 Masters","description":"R\u00e4ysk\u00e4l Masters contact details, for accommodation and other inquiries.","robots":{"index":"index","follow":"follow","max-snippet":"max-snippet:-1","max-image-preview":"max-image-preview:large","max-video-preview":"max-video-preview:-1"},"canonical":"https:\/\/www.rayskala.fi\/masters\/contact\/","og_locale":"en_GB","og_type":"article","og_title":"Contact Us\/Ota yhteytt\u00e4 &#060; R\u00e4ysk\u00e4l\u00e4 Masters","og_description":"R\u00e4ysk\u00e4l Masters contact details, for accommodation and other inquiries.","og_url":"https:\/\/www.rayskala.fi\/masters\/contact\/","og_site_name":"R\u00e4ysk\u00e4l\u00e4 Masters","article_publisher":"https:\/\/www.facebook.com\/rayskalamasters","article_modified_time":"2024-07-04T20:46:11+00:00","twitter_card":"summary_large_image","twitter_misc":{"Estimated reading time":"1 minute"},"schema":{"@context":"https:\/\/schema.org","@graph":[{"@type":"WebPage","@id":"https:\/\/www.rayskala.fi\/masters\/contact\/","url":"https:\/\/www.rayskala.fi\/masters\/contact\/","name":"Contact Us\/Ota yhteytt\u00e4 &#060; R\u00e4ysk\u00e4l\u00e4 Masters","isPartOf":{"@id":"https:\/\/www.rayskala.fi\/masters\/#website"},"datePublished":"2019-05-03T11:56:16+00:00","dateModified":"2024-07-04T20:46:11+00:00","description":"R\u00e4ysk\u00e4l Masters contact details, for accommodation and other inquiries.","breadcrumb":{"@id":"https:\/\/www.rayskala.fi\/masters\/contact\/#breadcrumb"},"inLanguage":"en-GB","potentialAction":[{"@type":"ReadAction","target":["https:\/\/www.rayskala.fi\/masters\/contact\/"]}]},{"@type":"BreadcrumbList","@id":"https:\/\/www.rayskala.fi\/masters\/contact\/#breadcrumb","itemListElement":[{"@type":"ListItem","position":1,"name":"Home","item":"https:\/\/www.rayskala.fi\/masters\/"},{"@type":"ListItem","position":2,"name":"Contact Us\/Ota yhteytt\u00e4"}]},{"@type":"WebSite","@id":"https:\/\/www.rayskala.fi\/masters\/#website","url":"https:\/\/www.rayskala.fi\/masters\/","name":"R\u00e4ysk\u00e4l\u00e4 Masters","description":"Next generation gliding competition","publisher":{"@id":"https:\/\/www.rayskala.fi\/masters\/#organization"},"potentialAction":[{"@type":"SearchAction","target":{"@type":"EntryPoint","urlTemplate":"https:\/\/www.rayskala.fi\/masters\/?s={search_term_string}"},"query-input":{"@type":"PropertyValueSpecification","valueRequired":true,"valueName":"search_term_string"}}],"inLanguage":"en-GB"},{"@type":"Organization","@id":"https:\/\/www.rayskala.fi\/masters\/#organization","name":"R\u00e4ysk\u00e4l\u00e4 Masters","url":"https:\/\/www.rayskala.fi\/masters\/","logo":{"@type":"ImageObject","inLanguage":"en-GB","@id":"https:\/\/www.rayskala.fi\/masters\/#\/schema\/logo\/image\/","url":"https:\/\/www.rayskala.fi\/files\/sites\/9\/rayskalamasters2018_square_big.png","contentUrl":"https:\/\/www.rayskala.fi\/files\/sites\/9\/rayskalamasters2018_square_big.png","width":1041,"height":1077,"caption":"R\u00e4ysk\u00e4l\u00e4 Masters"},"image":{"@id":"https:\/\/www.rayskala.fi\/masters\/#\/schema\/logo\/image\/"},"sameAs":["https:\/\/www.facebook.com\/rayskalamasters"]}]}},"publishpress_future_action":{"enabled":false,"date":"2026-05-03 06:59:08","action":"change-status","newStatus":"draft","terms":[],"taxonomy":"","extraData":[]},"publishpress_future_workflow_manual_trigger":{"enabledWorkflows":[]},"_links":{"self":[{"href":"https:\/\/www.rayskala.fi\/masters\/wp-json\/wp\/v2\/pages\/22","targetHints":{"allow":["GET"]}}],"collection":[{"href":"https:\/\/www.rayskala.fi\/masters\/wp-json\/wp\/v2\/pages"}],"about":[{"href":"https:\/\/www.rayskala.fi\/masters\/wp-json\/wp\/v2\/types\/page"}],"author":[{"embeddable":true,"href":"https:\/\/www.rayskala.fi\/masters\/wp-json\/wp\/v2\/users\/1"}],"replies":[{"embeddable":true,"href":"https:\/\/www.rayskala.fi\/masters\/wp-json\/wp\/v2\/comments?post=22"}],"version-history":[{"count":67,"href":"https:\/\/www.rayskala.fi\/masters\/wp-json\/wp\/v2\/pages\/22\/revisions"}],"predecessor-version":[{"id":1647,"href":"https:\/\/www.rayskala.fi\/masters\/wp-json\/wp\/v2\/pages\/22\/revisions\/1647"}],"wp:attachment":[{"href":"https:\/\/www.rayskala.fi\/masters\/wp-json\/wp\/v2\/media?parent=22"}],"curies":[{"name":"wp","href":"https:\/\/api.w.org\/{rel}","templated":true}]}}