{"id":2,"date":"2019-04-17T09:17:05","date_gmt":"2019-04-17T09:17:05","guid":{"rendered":"https:\/\/www.rayskala.fi\/masters\/?page_id=2"},"modified":"2025-06-18T16:51:04","modified_gmt":"2025-06-18T13:51:04","slug":"etusivu","status":"publish","type":"page","link":"https:\/\/www.rayskala.fi\/masters\/","title":{"rendered":"R\u00e4ysk\u00e4l\u00e4 Masters"},"content":{"rendered":"\t\t<div data-elementor-type=\"wp-post\" data-elementor-id=\"2\" class=\"elementor elementor-2\" data-elementor-post-type=\"page\">\n\t\t\t\t<div class=\"elementor-element elementor-element-dfb0b5f e-flex e-con-boxed e-con e-parent\" data-id=\"dfb0b5f\" data-element_type=\"container\" data-e-type=\"container\">\n\t\t\t\t\t<div class=\"e-con-inner\">\n\t\t\t\t<div class=\"elementor-element elementor-element-0ab8654 elementor-headline--style-highlight elementor-widget elementor-widget-animated-headline\" data-id=\"0ab8654\" data-element_type=\"widget\" data-e-type=\"widget\" data-settings=\"{&quot;marker&quot;:&quot;underline&quot;,&quot;highlighted_text&quot;:&quot;R\\u00e4ysk\\u00e4l\\u00e4 Masters&quot;,&quot;headline_style&quot;:&quot;highlight&quot;,&quot;loop&quot;:&quot;yes&quot;,&quot;highlight_animation_duration&quot;:1200,&quot;highlight_iteration_delay&quot;:8000}\" data-widget_type=\"animated-headline.default\">\n\t\t\t\t<div class=\"elementor-widget-container\">\n\t\t\t\t\t\t\t<h3 class=\"elementor-headline\">\n\t\t\t\t\t<span class=\"elementor-headline-plain-text elementor-headline-text-wrapper\">Welcome to<\/span>\n\t\t\t\t<span class=\"elementor-headline-dynamic-wrapper elementor-headline-text-wrapper\">\n\t\t\t\t\t<span class=\"elementor-headline-dynamic-text elementor-headline-text-active\">R\u00e4ysk\u00e4l\u00e4 Masters<\/span>\n\t\t\t\t<\/span>\n\t\t\t\t<\/h3>\n\t\t\t\t\t\t<\/div>\n\t\t\t\t<\/div>\n\t\t\t\t\t<\/div>\n\t\t\t\t<\/div>\n\t\t<div class=\"elementor-element elementor-element-7da830b e-flex e-con-boxed e-con e-parent\" data-id=\"7da830b\" data-element_type=\"container\" data-e-type=\"container\">\n\t\t\t\t\t<div class=\"e-con-inner\">\n\t\t<div class=\"elementor-element elementor-element-6dc4c8a e-con-full e-flex e-con e-child\" data-id=\"6dc4c8a\" data-element_type=\"container\" data-e-type=\"container\">\n\t\t<div class=\"elementor-element elementor-element-a20b530 e-con-full e-flex e-con e-child\" data-id=\"a20b530\" data-element_type=\"container\" data-e-type=\"container\">\n\t\t\t\t<div class=\"elementor-element elementor-element-bcd1797 elementor-widget elementor-widget-text-editor\" data-id=\"bcd1797\" data-element_type=\"widget\" data-e-type=\"widget\" data-widget_type=\"text-editor.default\">\n\t\t\t\t<div class=\"elementor-widget-container\">\n\t\t\t\t\t\t\t\t\t<p>The R\u00e4ysk\u00e4l\u00e4 Masters is a part of Masters concept. An international gliding competition series alternating annually between R\u00e4ysk\u00e4l\u00e4, Finland, and Uppsala, Sweden.<\/p>\n<p>The event welcomes pilots from all countries to compete in Club, Racing&nbsp;and Open classes. Tasks are designed to make the most of each&nbsp;soaring day. \u2013 The focus is on safe high level competition and great company with good atmosphere.<\/p>\n<p>It\u2019s like a full-scale international gliding competition, without extra&nbsp;fuss.<\/p>\n<p><span style=\"font-size: 1em;\">R\u00e4ysk\u00e4l\u00e4 Masters was arranged 23rd \u2013 30th May 2025.&nbsp;<\/span><span style=\"font-size: 1em;\">See you in Uppsala Masters 2026!<\/span><\/p>\t\t\t\t\t\t\t\t<\/div>\n\t\t\t\t<\/div>\n\t\t\t\t<\/div>\n\t\t<div class=\"elementor-element elementor-element-f11005a e-flex e-con-boxed e-con e-child\" data-id=\"f11005a\" data-element_type=\"container\" data-e-type=\"container\">\n\t\t\t\t\t<div class=\"e-con-inner\">\n\t\t<div class=\"elementor-element elementor-element-4e7c800 e-con-full e-flex e-con e-child\" data-id=\"4e7c800\" data-element_type=\"container\" data-e-type=\"container\">\n\t\t\t\t<div class=\"elementor-element elementor-element-e72a3e4 elementor-shape-rounded elementor-grid-0 e-grid-align-center elementor-widget elementor-widget-social-icons\" data-id=\"e72a3e4\" data-element_type=\"widget\" data-e-type=\"widget\" data-widget_type=\"social-icons.default\">\n\t\t\t\t<div class=\"elementor-widget-container\">\n\t\t\t\t\t\t\t<div class=\"elementor-social-icons-wrapper elementor-grid\" role=\"list\">\n\t\t\t\t\t\t\t<span class=\"elementor-grid-item\" role=\"listitem\">\n\t\t\t\t\t<a class=\"elementor-icon elementor-social-icon elementor-social-icon-facebook elementor-repeater-item-45581d0\" href=\"https:\/\/www.facebook.com\/rayskalamasters\" target=\"_blank\">\n\t\t\t\t\t\t<span class=\"elementor-screen-only\">Facebook<\/span>\n\t\t\t\t\t\t<svg aria-hidden=\"true\" class=\"e-font-icon-svg e-fab-facebook\" viewBox=\"0 0 512 512\" xmlns=\"http:\/\/www.w3.org\/2000\/svg\"><path d=\"M504 256C504 119 393 8 256 8S8 119 8 256c0 123.78 90.69 226.38 209.25 245V327.69h-63V256h63v-54.64c0-62.15 37-96.48 93.67-96.48 27.14 0 55.52 4.84 55.52 4.84v61h-31.28c-30.8 0-40.41 19.12-40.41 38.73V256h68.78l-11 71.69h-57.78V501C413.31 482.38 504 379.78 504 256z\"><\/path><\/svg>\t\t\t\t\t<\/a>\n\t\t\t\t<\/span>\n\t\t\t\t\t\t\t<span class=\"elementor-grid-item\" role=\"listitem\">\n\t\t\t\t\t<a class=\"elementor-icon elementor-social-icon elementor-social-icon-instagram elementor-repeater-item-e3ee7bf\" href=\"https:\/\/www.instagram.com\/rayskalamasters\/\" target=\"_blank\">\n\t\t\t\t\t\t<span class=\"elementor-screen-only\">Instagram<\/span>\n\t\t\t\t\t\t<svg aria-hidden=\"true\" class=\"e-font-icon-svg e-fab-instagram\" viewBox=\"0 0 448 512\" xmlns=\"http:\/\/www.w3.org\/2000\/svg\"><path d=\"M224.1 141c-63.6 0-114.9 51.3-114.9 114.9s51.3 114.9 114.9 114.9S339 319.5 339 255.9 287.7 141 224.1 141zm0 189.6c-41.1 0-74.7-33.5-74.7-74.7s33.5-74.7 74.7-74.7 74.7 33.5 74.7 74.7-33.6 74.7-74.7 74.7zm146.4-194.3c0 14.9-12 26.8-26.8 26.8-14.9 0-26.8-12-26.8-26.8s12-26.8 26.8-26.8 26.8 12 26.8 26.8zm76.1 27.2c-1.7-35.9-9.9-67.7-36.2-93.9-26.2-26.2-58-34.4-93.9-36.2-37-2.1-147.9-2.1-184.9 0-35.8 1.7-67.6 9.9-93.9 36.1s-34.4 58-36.2 93.9c-2.1 37-2.1 147.9 0 184.9 1.7 35.9 9.9 67.7 36.2 93.9s58 34.4 93.9 36.2c37 2.1 147.9 2.1 184.9 0 35.9-1.7 67.7-9.9 93.9-36.2 26.2-26.2 34.4-58 36.2-93.9 2.1-37 2.1-147.8 0-184.8zM398.8 388c-7.8 19.6-22.9 34.7-42.6 42.6-29.5 11.7-99.5 9-132.1 9s-102.7 2.6-132.1-9c-19.6-7.8-34.7-22.9-42.6-42.6-11.7-29.5-9-99.5-9-132.1s-2.6-102.7 9-132.1c7.8-19.6 22.9-34.7 42.6-42.6 29.5-11.7 99.5-9 132.1-9s102.7-2.6 132.1 9c19.6 7.8 34.7 22.9 42.6 42.6 11.7 29.5 9 99.5 9 132.1s2.7 102.7-9 132.1z\"><\/path><\/svg>\t\t\t\t\t<\/a>\n\t\t\t\t<\/span>\n\t\t\t\t\t\t\t<span class=\"elementor-grid-item\" role=\"listitem\">\n\t\t\t\t\t<a class=\"elementor-icon elementor-social-icon elementor-social-icon-globe elementor-repeater-item-d1b012c\" href=\"https:\/\/www.soaringspot.com\/en_gb\/rayskala-masters\/\" target=\"_blank\">\n\t\t\t\t\t\t<span class=\"elementor-screen-only\">Globe<\/span>\n\t\t\t\t\t\t<svg aria-hidden=\"true\" class=\"e-font-icon-svg e-fas-globe\" viewBox=\"0 0 496 512\" xmlns=\"http:\/\/www.w3.org\/2000\/svg\"><path d=\"M336.5 160C322 70.7 287.8 8 248 8s-74 62.7-88.5 152h177zM152 256c0 22.2 1.2 43.5 3.3 64h185.3c2.1-20.5 3.3-41.8 3.3-64s-1.2-43.5-3.3-64H155.3c-2.1 20.5-3.3 41.8-3.3 64zm324.7-96c-28.6-67.9-86.5-120.4-158-141.6 24.4 33.8 41.2 84.7 50 141.6h108zM177.2 18.4C105.8 39.6 47.8 92.1 19.3 160h108c8.7-56.9 25.5-107.8 49.9-141.6zM487.4 192H372.7c2.1 21 3.3 42.5 3.3 64s-1.2 43-3.3 64h114.6c5.5-20.5 8.6-41.8 8.6-64s-3.1-43.5-8.5-64zM120 256c0-21.5 1.2-43 3.3-64H8.6C3.2 212.5 0 233.8 0 256s3.2 43.5 8.6 64h114.6c-2-21-3.2-42.5-3.2-64zm39.5 96c14.5 89.3 48.7 152 88.5 152s74-62.7 88.5-152h-177zm159.3 141.6c71.4-21.2 129.4-73.7 158-141.6h-108c-8.8 56.9-25.6 107.8-50 141.6zM19.3 352c28.6 67.9 86.5 120.4 158 141.6-24.4-33.8-41.2-84.7-50-141.6h-108z\"><\/path><\/svg>\t\t\t\t\t<\/a>\n\t\t\t\t<\/span>\n\t\t\t\t\t<\/div>\n\t\t\t\t\t\t<\/div>\n\t\t\t\t<\/div>\n\t\t\t\t<div class=\"elementor-element elementor-element-ea052d8 elementor-widget-divider--view-line elementor-widget elementor-widget-divider\" data-id=\"ea052d8\" data-element_type=\"widget\" data-e-type=\"widget\" data-widget_type=\"divider.default\">\n\t\t\t\t<div class=\"elementor-widget-container\">\n\t\t\t\t\t\t\t<div class=\"elementor-divider\">\n\t\t\t<span class=\"elementor-divider-separator\">\n\t\t\t\t\t\t<\/span>\n\t\t<\/div>\n\t\t\t\t\t\t<\/div>\n\t\t\t\t<\/div>\n\t\t\t\t<\/div>\n\t\t\t\t<div class=\"elementor-element elementor-element-797d4a8 elementor-widget elementor-widget-text-editor\" data-id=\"797d4a8\" data-element_type=\"widget\" data-e-type=\"widget\" data-widget_type=\"text-editor.default\">\n\t\t\t\t<div class=\"elementor-widget-container\">\n\t\t\t\t\t\t\t\t\t<p><strong>GDPR<\/strong><\/p><p>Huomioi seuraavat tietosuojaan liittyv\u00e4t asiat Ilmoittautuessasi kilpailuun hyv\u00e4ksyt, ett\u00e4 nimesi julkaistaan l\u00e4ht\u00f6- ja tuloslistalla ellet sit\u00e4 erikseen kiell\u00e4 (GDPR) ja lis\u00e4ksi l\u00e4ht\u00f6- ja tulostietoja voidaan luovuttaa esimerkiksi median k\u00e4ytt\u00f6\u00f6n ja tilastointiin.<br \/>Tietoja voidaan julkaista vapaasti, julkaisijoina ovat esimerkiksi kilpailun j\u00e4rjest\u00e4j\u00e4, Suomen Ilmailuliitto ja kansainv\u00e4linen Ilmailuliitto FAI sek\u00e4 Suomen Olympiakomitea.<br \/>Tulostietoja s\u00e4ilytet\u00e4\u00e4n m\u00e4\u00e4r\u00e4\u00e4m\u00e4tt\u00f6m\u00e4n ajan.<br \/>Muita ilmoittautumisen yhteydess\u00e4 ker\u00e4ttyj\u00e4 henkil\u00f6tietoja s\u00e4ilytet\u00e4\u00e4n niin kauan kuin on tarpeellista.<br \/>Ilmoittautuneilla on oikeus rajoittaa tietojensa k\u00e4ytt\u00f6\u00e4 ja kilpailijaa pyydet\u00e4\u00e4n ilmoittamaan mahdollisista henkil\u00f6tietoihinsa liittyvist\u00e4 rajoituksista ilmoittautumisen yhteydess\u00e4. Tietojen rajoittaminen voi est\u00e4\u00e4 p\u00e4\u00e4syn kilpailuihin.<\/p>\t\t\t\t\t\t\t\t<\/div>\n\t\t\t\t<\/div>\n\t\t\t\t\t<\/div>\n\t\t\t\t<\/div>\n\t\t\t\t<\/div>\n\t\t\t\t\t<\/div>\n\t\t\t\t<\/div>\n\t\t\t\t<\/div>\n\t\t","protected":false},"excerpt":{"rendered":"<p>Welcome to R\u00e4ysk\u00e4l\u00e4 Masters The R\u00e4ysk\u00e4l\u00e4 Masters is a part of Masters concept. An international gliding competition series alternating annually between R\u00e4ysk\u00e4l\u00e4, Finland, and Uppsala, Sweden. The event welcomes pilots from all countries to compete in Club, Racing&nbsp;and Open classes. Tasks are designed to make the most of each&nbsp;soaring day. \u2013 The focus is on [&hellip;]<\/p>\n","protected":false},"author":1,"featured_media":946,"parent":0,"menu_order":1,"comment_status":"closed","ping_status":"closed","template":"","meta":{"footnotes":""},"class_list":["post-2","page","type-page","status-publish","has-post-thumbnail","hentry","wpbf-post"],"yoast_head":"<!-- This site is optimized with the Yoast SEO plugin v27.5 - https:\/\/yoast.com\/product\/yoast-seo-wordpress\/ -->\n<title>R\u00e4ysk\u00e4l\u00e4 Masters &#060; R\u00e4ysk\u00e4l\u00e4 Masters<\/title>\n<meta name=\"description\" content=\"R\u00e4ysk\u00e4l\u00e4 Masters, international gliding competition at R\u00e4ysk\u00e4l\u00e4 Sports Aviation Centre. Welcome all!\" \/>\n<meta name=\"robots\" content=\"index, follow, max-snippet:-1, max-image-preview:large, max-video-preview:-1\" \/>\n<link rel=\"canonical\" href=\"https:\/\/www.rayskala.fi\/masters\/\" \/>\n<meta property=\"og:locale\" content=\"en_GB\" \/>\n<meta property=\"og:type\" content=\"article\" \/>\n<meta property=\"og:title\" content=\"R\u00e4ysk\u00e4l\u00e4 Masters &#060; R\u00e4ysk\u00e4l\u00e4 Masters\" \/>\n<meta property=\"og:description\" content=\"R\u00e4ysk\u00e4l\u00e4 Masters, international gliding competition at R\u00e4ysk\u00e4l\u00e4 Sports Aviation Centre. Welcome all!\" \/>\n<meta property=\"og:url\" content=\"https:\/\/www.rayskala.fi\/masters\/\" \/>\n<meta property=\"og:site_name\" content=\"R\u00e4ysk\u00e4l\u00e4 Masters\" \/>\n<meta property=\"article:publisher\" content=\"https:\/\/www.facebook.com\/rayskalamasters\" \/>\n<meta property=\"article:modified_time\" content=\"2025-06-18T13:51:04+00:00\" \/>\n<meta property=\"og:image\" content=\"https:\/\/www.rayskala.fi\/files\/sites\/9\/Img_1552_small.jpg\" \/>\n\t<meta property=\"og:image:width\" content=\"1024\" \/>\n\t<meta property=\"og:image:height\" content=\"683\" \/>\n\t<meta property=\"og:image:type\" content=\"image\/jpeg\" \/>\n<meta name=\"twitter:card\" content=\"summary_large_image\" \/>\n<meta name=\"twitter:label1\" content=\"Estimated reading time\" \/>\n\t<meta name=\"twitter:data1\" content=\"2 minutes\" \/>\n<script type=\"application\/ld+json\" class=\"yoast-schema-graph\">{\"@context\":\"https:\\\/\\\/schema.org\",\"@graph\":[{\"@type\":\"WebPage\",\"@id\":\"https:\\\/\\\/www.rayskala.fi\\\/masters\\\/\",\"url\":\"https:\\\/\\\/www.rayskala.fi\\\/masters\\\/\",\"name\":\"R\u00e4ysk\u00e4l\u00e4 Masters &#060; R\u00e4ysk\u00e4l\u00e4 Masters\",\"isPartOf\":{\"@id\":\"https:\\\/\\\/www.rayskala.fi\\\/masters\\\/#website\"},\"primaryImageOfPage\":{\"@id\":\"https:\\\/\\\/www.rayskala.fi\\\/masters\\\/#primaryimage\"},\"image\":{\"@id\":\"https:\\\/\\\/www.rayskala.fi\\\/masters\\\/#primaryimage\"},\"thumbnailUrl\":\"https:\\\/\\\/www.rayskala.fi\\\/files\\\/sites\\\/9\\\/Img_1552_small.jpg\",\"datePublished\":\"2019-04-17T09:17:05+00:00\",\"dateModified\":\"2025-06-18T13:51:04+00:00\",\"description\":\"R\u00e4ysk\u00e4l\u00e4 Masters, international gliding competition at R\u00e4ysk\u00e4l\u00e4 Sports Aviation Centre. Welcome all!\",\"breadcrumb\":{\"@id\":\"https:\\\/\\\/www.rayskala.fi\\\/masters\\\/#breadcrumb\"},\"inLanguage\":\"en-GB\",\"potentialAction\":[{\"@type\":\"ReadAction\",\"target\":[\"https:\\\/\\\/www.rayskala.fi\\\/masters\\\/\"]}]},{\"@type\":\"ImageObject\",\"inLanguage\":\"en-GB\",\"@id\":\"https:\\\/\\\/www.rayskala.fi\\\/masters\\\/#primaryimage\",\"url\":\"https:\\\/\\\/www.rayskala.fi\\\/files\\\/sites\\\/9\\\/Img_1552_small.jpg\",\"contentUrl\":\"https:\\\/\\\/www.rayskala.fi\\\/files\\\/sites\\\/9\\\/Img_1552_small.jpg\",\"width\":1024,\"height\":683},{\"@type\":\"BreadcrumbList\",\"@id\":\"https:\\\/\\\/www.rayskala.fi\\\/masters\\\/#breadcrumb\",\"itemListElement\":[{\"@type\":\"ListItem\",\"position\":1,\"name\":\"Home\",\"item\":\"https:\\\/\\\/www.rayskala.fi\\\/masters\\\/\"},{\"@type\":\"ListItem\",\"position\":2,\"name\":\"R\u00e4ysk\u00e4l\u00e4 Masters\"}]},{\"@type\":\"WebSite\",\"@id\":\"https:\\\/\\\/www.rayskala.fi\\\/masters\\\/#website\",\"url\":\"https:\\\/\\\/www.rayskala.fi\\\/masters\\\/\",\"name\":\"R\u00e4ysk\u00e4l\u00e4 Masters\",\"description\":\"Next generation gliding competition\",\"publisher\":{\"@id\":\"https:\\\/\\\/www.rayskala.fi\\\/masters\\\/#organization\"},\"potentialAction\":[{\"@type\":\"SearchAction\",\"target\":{\"@type\":\"EntryPoint\",\"urlTemplate\":\"https:\\\/\\\/www.rayskala.fi\\\/masters\\\/?s={search_term_string}\"},\"query-input\":{\"@type\":\"PropertyValueSpecification\",\"valueRequired\":true,\"valueName\":\"search_term_string\"}}],\"inLanguage\":\"en-GB\"},{\"@type\":\"Organization\",\"@id\":\"https:\\\/\\\/www.rayskala.fi\\\/masters\\\/#organization\",\"name\":\"R\u00e4ysk\u00e4l\u00e4 Masters\",\"url\":\"https:\\\/\\\/www.rayskala.fi\\\/masters\\\/\",\"logo\":{\"@type\":\"ImageObject\",\"inLanguage\":\"en-GB\",\"@id\":\"https:\\\/\\\/www.rayskala.fi\\\/masters\\\/#\\\/schema\\\/logo\\\/image\\\/\",\"url\":\"https:\\\/\\\/www.rayskala.fi\\\/files\\\/sites\\\/9\\\/rayskalamasters2018_square_big.png\",\"contentUrl\":\"https:\\\/\\\/www.rayskala.fi\\\/files\\\/sites\\\/9\\\/rayskalamasters2018_square_big.png\",\"width\":1041,\"height\":1077,\"caption\":\"R\u00e4ysk\u00e4l\u00e4 Masters\"},\"image\":{\"@id\":\"https:\\\/\\\/www.rayskala.fi\\\/masters\\\/#\\\/schema\\\/logo\\\/image\\\/\"},\"sameAs\":[\"https:\\\/\\\/www.facebook.com\\\/rayskalamasters\"]}]}<\/script>\n<!-- \/ Yoast SEO plugin. -->","yoast_head_json":{"title":"R\u00e4ysk\u00e4l\u00e4 Masters &#060; R\u00e4ysk\u00e4l\u00e4 Masters","description":"R\u00e4ysk\u00e4l\u00e4 Masters, international gliding competition at R\u00e4ysk\u00e4l\u00e4 Sports Aviation Centre. Welcome all!","robots":{"index":"index","follow":"follow","max-snippet":"max-snippet:-1","max-image-preview":"max-image-preview:large","max-video-preview":"max-video-preview:-1"},"canonical":"https:\/\/www.rayskala.fi\/masters\/","og_locale":"en_GB","og_type":"article","og_title":"R\u00e4ysk\u00e4l\u00e4 Masters &#060; R\u00e4ysk\u00e4l\u00e4 Masters","og_description":"R\u00e4ysk\u00e4l\u00e4 Masters, international gliding competition at R\u00e4ysk\u00e4l\u00e4 Sports Aviation Centre. Welcome all!","og_url":"https:\/\/www.rayskala.fi\/masters\/","og_site_name":"R\u00e4ysk\u00e4l\u00e4 Masters","article_publisher":"https:\/\/www.facebook.com\/rayskalamasters","article_modified_time":"2025-06-18T13:51:04+00:00","og_image":[{"width":1024,"height":683,"url":"https:\/\/www.rayskala.fi\/files\/sites\/9\/Img_1552_small.jpg","type":"image\/jpeg"}],"twitter_card":"summary_large_image","twitter_misc":{"Estimated reading time":"2 minutes"},"schema":{"@context":"https:\/\/schema.org","@graph":[{"@type":"WebPage","@id":"https:\/\/www.rayskala.fi\/masters\/","url":"https:\/\/www.rayskala.fi\/masters\/","name":"R\u00e4ysk\u00e4l\u00e4 Masters &#060; R\u00e4ysk\u00e4l\u00e4 Masters","isPartOf":{"@id":"https:\/\/www.rayskala.fi\/masters\/#website"},"primaryImageOfPage":{"@id":"https:\/\/www.rayskala.fi\/masters\/#primaryimage"},"image":{"@id":"https:\/\/www.rayskala.fi\/masters\/#primaryimage"},"thumbnailUrl":"https:\/\/www.rayskala.fi\/files\/sites\/9\/Img_1552_small.jpg","datePublished":"2019-04-17T09:17:05+00:00","dateModified":"2025-06-18T13:51:04+00:00","description":"R\u00e4ysk\u00e4l\u00e4 Masters, international gliding competition at R\u00e4ysk\u00e4l\u00e4 Sports Aviation Centre. Welcome all!","breadcrumb":{"@id":"https:\/\/www.rayskala.fi\/masters\/#breadcrumb"},"inLanguage":"en-GB","potentialAction":[{"@type":"ReadAction","target":["https:\/\/www.rayskala.fi\/masters\/"]}]},{"@type":"ImageObject","inLanguage":"en-GB","@id":"https:\/\/www.rayskala.fi\/masters\/#primaryimage","url":"https:\/\/www.rayskala.fi\/files\/sites\/9\/Img_1552_small.jpg","contentUrl":"https:\/\/www.rayskala.fi\/files\/sites\/9\/Img_1552_small.jpg","width":1024,"height":683},{"@type":"BreadcrumbList","@id":"https:\/\/www.rayskala.fi\/masters\/#breadcrumb","itemListElement":[{"@type":"ListItem","position":1,"name":"Home","item":"https:\/\/www.rayskala.fi\/masters\/"},{"@type":"ListItem","position":2,"name":"R\u00e4ysk\u00e4l\u00e4 Masters"}]},{"@type":"WebSite","@id":"https:\/\/www.rayskala.fi\/masters\/#website","url":"https:\/\/www.rayskala.fi\/masters\/","name":"R\u00e4ysk\u00e4l\u00e4 Masters","description":"Next generation gliding competition","publisher":{"@id":"https:\/\/www.rayskala.fi\/masters\/#organization"},"potentialAction":[{"@type":"SearchAction","target":{"@type":"EntryPoint","urlTemplate":"https:\/\/www.rayskala.fi\/masters\/?s={search_term_string}"},"query-input":{"@type":"PropertyValueSpecification","valueRequired":true,"valueName":"search_term_string"}}],"inLanguage":"en-GB"},{"@type":"Organization","@id":"https:\/\/www.rayskala.fi\/masters\/#organization","name":"R\u00e4ysk\u00e4l\u00e4 Masters","url":"https:\/\/www.rayskala.fi\/masters\/","logo":{"@type":"ImageObject","inLanguage":"en-GB","@id":"https:\/\/www.rayskala.fi\/masters\/#\/schema\/logo\/image\/","url":"https:\/\/www.rayskala.fi\/files\/sites\/9\/rayskalamasters2018_square_big.png","contentUrl":"https:\/\/www.rayskala.fi\/files\/sites\/9\/rayskalamasters2018_square_big.png","width":1041,"height":1077,"caption":"R\u00e4ysk\u00e4l\u00e4 Masters"},"image":{"@id":"https:\/\/www.rayskala.fi\/masters\/#\/schema\/logo\/image\/"},"sameAs":["https:\/\/www.facebook.com\/rayskalamasters"]}]}},"publishpress_future_action":{"enabled":false,"date":"2026-05-19 23:52:09","action":"change-status","newStatus":"draft","terms":[],"taxonomy":"","extraData":[]},"publishpress_future_workflow_manual_trigger":{"enabledWorkflows":[]},"_links":{"self":[{"href":"https:\/\/www.rayskala.fi\/masters\/wp-json\/wp\/v2\/pages\/2","targetHints":{"allow":["GET"]}}],"collection":[{"href":"https:\/\/www.rayskala.fi\/masters\/wp-json\/wp\/v2\/pages"}],"about":[{"href":"https:\/\/www.rayskala.fi\/masters\/wp-json\/wp\/v2\/types\/page"}],"author":[{"embeddable":true,"href":"https:\/\/www.rayskala.fi\/masters\/wp-json\/wp\/v2\/users\/1"}],"replies":[{"embeddable":true,"href":"https:\/\/www.rayskala.fi\/masters\/wp-json\/wp\/v2\/comments?post=2"}],"version-history":[{"count":268,"href":"https:\/\/www.rayskala.fi\/masters\/wp-json\/wp\/v2\/pages\/2\/revisions"}],"predecessor-version":[{"id":1798,"href":"https:\/\/www.rayskala.fi\/masters\/wp-json\/wp\/v2\/pages\/2\/revisions\/1798"}],"wp:featuredmedia":[{"embeddable":true,"href":"https:\/\/www.rayskala.fi\/masters\/wp-json\/wp\/v2\/media\/946"}],"wp:attachment":[{"href":"https:\/\/www.rayskala.fi\/masters\/wp-json\/wp\/v2\/media?parent=2"}],"curies":[{"name":"wp","href":"https:\/\/api.w.org\/{rel}","templated":true}]}}