{"id":1679,"date":"2025-02-01T15:08:41","date_gmt":"2025-02-01T13:08:41","guid":{"rendered":"https:\/\/www.rayskala.fi\/masters\/?page_id=1679"},"modified":"2025-02-01T20:15:25","modified_gmt":"2025-02-01T18:15:25","slug":"accommodation","status":"publish","type":"page","link":"https:\/\/www.rayskala.fi\/masters\/accommodation\/","title":{"rendered":"Accommodation"},"content":{"rendered":"<h1>Majoitus<\/h1>\n<p>R\u00e4ysk\u00e4l\u00e4n l\u00e4hiymp\u00e4rist\u00f6ss\u00e4 on kelpo valikoima majoitusvaihtoehtoja m\u00f6keist\u00e4 ryhm\u00e4majoitukseen. L\u00e4hialueilla toimii my\u00f6s useita vaunu- ja asuntoautovuokraamoita, joiden valikoimista l\u00f6ytyy varmasti sopiva vaihtoehto tarpeen mukaan. Kisaleirinn\u00e4n k\u00e4yt\u00f6ss\u00e4 ovat sek\u00e4 motellin ett\u00e4 saunarakennuksen WC\/suihkutilat ja yhteisk\u00e4ytt\u00f6keitti\u00f6t. My\u00f6s ilmailukeskuksen motellissa on huoneita varattavissa. Lis\u00e4tietoja <a href=\"https:\/\/www.rayskala.fi\/palvelut\/majoitus\/\" target=\"_blank\" rel=\"noopener\">R\u00e4ysk\u00e4l\u00e4n nettisivuilla<\/a><\/p>\n<h2>Accommodation<\/h2>\n<p>Nearby R\u00e4ysk\u00e4l\u00e4 are several cottages and other options for your team. A convenient way to stay in R\u00e4ysk\u00e4l\u00e4 is a camper or a caravan, as all the facilities of big sauna building and the toilets\/showers at the motel are available. Below you can find links of companies offering caravans and campers for rent. There also rooms available in our motel. Read more from <a href=\"https:\/\/www.rayskala.fi\/english\/accommodation\/\" target=\"_blank\" rel=\"noopener\">R\u00e4ysk\u00e4l\u00e4 website<\/a><\/p>\n<p><strong>Matkailuauto ja -vaunuja vuokralla:<br \/>\nCamper and caravans for rent:<\/strong><\/p>\n<p><a href=\"https:\/\/mycamper.com\/fi\/vuokraa-matkailuauto\/vantaa\" target=\"_blank\" rel=\"noopener\">MyCamper<\/a><br \/>\n<a href=\"https:\/\/www.ehmcaravan.fi\/ehm-rent\/\" target=\"_blank\" rel=\"noopener\">EHM-Rent<\/a><br \/>\n<a href=\"https:\/\/bestcaravan.fi\/vuokraus\/?_gl=1*1gkxppc*_up*MQ..*_ga*MTA3ODgyMDkxMi4xNzM4NDMzMTM2*_ga_3GHGVW6X01*MTczODQzMzEzNS4xLjAuMTczODQzMzEzNS4wLjAuMjk4MDExNTMx\" target=\"_blank\" rel=\"noopener\">Best Caravan<\/a><br \/>\n<a href=\"https:\/\/www.mcrent.eu\/\" target=\"_blank\" rel=\"noopener\">McRent<\/a><br \/>\n<a href=\"https:\/\/www.aavuokraus.fi\/en\/rv-rentals\" target=\"_blank\" rel=\"noopener\">RVs for rent<\/a><br \/>\n<a href=\"https:\/\/anunauto.fi\/\" target=\"_blank\" rel=\"noopener\">Anun auto<\/a><br \/>\n<a href=\"https:\/\/www.jsroad.fi\/#etusivu\" target=\"_blank\" rel=\"noopener\">JSRoad<\/a><br \/>\n<a href=\"https:\/\/caravanlandia.fi\/\" target=\"_blank\" rel=\"noopener\">Caravanlandia<\/a><\/p>\n<p><strong>Majoitusta &#8211; Accommodation:<\/strong><\/p>\n<p><a href=\"https:\/\/www.sorrimokit.com\/\" target=\"_blank\" rel=\"noopener\">Sorri cottages<\/a><br \/>\nHuvila.net\u00a0<a href=\"https:\/\/huvila.net\/suomi\/2_haku.html\" target=\"_blank\" rel=\"noopener\">Suomeksi<\/a> &#8211; <a href=\"https:\/\/www.huvila.net\/englanti\/2_haku.html\" target=\"_blank\" rel=\"noopener\">in English<\/a> &#8211; <a href=\"https:\/\/huvila.net\/ruotsi\/2_haku.html\" target=\"_blank\" rel=\"noopener\">p\u00e5 Svenska<\/a><br \/>\nEvo nature <a href=\"https:\/\/www.evonluonto.fi\/kohteet\/\" target=\"_blank\" rel=\"noopener\">Suomeksi<\/a> &#8211; <a href=\"https:\/\/www.peaceandprivacy.travel\/destinations\/\" target=\"_blank\" rel=\"noopener\">in English<\/a><br \/>\n<a href=\"https:\/\/www.marskinkelohuvila.fi\/yhteystiedot\" target=\"_blank\" rel=\"noopener\">Marski kelohuvila<\/a><br \/>\n<a href=\"https:\/\/metsanummela.fi\/\" target=\"_blank\" rel=\"noopener\">Mets\u00e4-Nummela<\/a><\/p>\n","protected":false},"excerpt":{"rendered":"<p>Majoitus R\u00e4ysk\u00e4l\u00e4n l\u00e4hiymp\u00e4rist\u00f6ss\u00e4 on kelpo valikoima majoitusvaihtoehtoja m\u00f6keist\u00e4 ryhm\u00e4majoitukseen. L\u00e4hialueilla toimii my\u00f6s useita vaunu- ja asuntoautovuokraamoita, joiden valikoimista l\u00f6ytyy varmasti sopiva vaihtoehto tarpeen mukaan. Kisaleirinn\u00e4n k\u00e4yt\u00f6ss\u00e4 ovat sek\u00e4 motellin ett\u00e4 saunarakennuksen WC\/suihkutilat ja yhteisk\u00e4ytt\u00f6keitti\u00f6t. My\u00f6s ilmailukeskuksen motellissa on huoneita varattavissa. Lis\u00e4tietoja R\u00e4ysk\u00e4l\u00e4n nettisivuilla Accommodation Nearby R\u00e4ysk\u00e4l\u00e4 are several cottages and other options for your team. [&hellip;]<\/p>\n","protected":false},"author":7,"featured_media":0,"parent":0,"menu_order":160,"comment_status":"closed","ping_status":"closed","template":"","meta":{"footnotes":""},"class_list":["post-1679","page","type-page","status-publish","hentry","wpbf-post"],"yoast_head":"<!-- This site is optimized with the Yoast SEO plugin v27.4 - https:\/\/yoast.com\/product\/yoast-seo-wordpress\/ -->\n<title>Accommodation &#060; R\u00e4ysk\u00e4l\u00e4 Masters<\/title>\n<meta name=\"robots\" content=\"index, follow, max-snippet:-1, max-image-preview:large, max-video-preview:-1\" \/>\n<link rel=\"canonical\" href=\"https:\/\/www.rayskala.fi\/masters\/accommodation\/\" \/>\n<meta property=\"og:locale\" content=\"en_GB\" \/>\n<meta property=\"og:type\" content=\"article\" \/>\n<meta property=\"og:title\" content=\"Accommodation &#060; R\u00e4ysk\u00e4l\u00e4 Masters\" \/>\n<meta property=\"og:description\" content=\"Majoitus R\u00e4ysk\u00e4l\u00e4n l\u00e4hiymp\u00e4rist\u00f6ss\u00e4 on kelpo valikoima majoitusvaihtoehtoja m\u00f6keist\u00e4 ryhm\u00e4majoitukseen. L\u00e4hialueilla toimii my\u00f6s useita vaunu- ja asuntoautovuokraamoita, joiden valikoimista l\u00f6ytyy varmasti sopiva vaihtoehto tarpeen mukaan. Kisaleirinn\u00e4n k\u00e4yt\u00f6ss\u00e4 ovat sek\u00e4 motellin ett\u00e4 saunarakennuksen WC\/suihkutilat ja yhteisk\u00e4ytt\u00f6keitti\u00f6t. My\u00f6s ilmailukeskuksen motellissa on huoneita varattavissa. Lis\u00e4tietoja R\u00e4ysk\u00e4l\u00e4n nettisivuilla Accommodation Nearby R\u00e4ysk\u00e4l\u00e4 are several cottages and other options for your team. [&hellip;]\" \/>\n<meta property=\"og:url\" content=\"https:\/\/www.rayskala.fi\/masters\/accommodation\/\" \/>\n<meta property=\"og:site_name\" content=\"R\u00e4ysk\u00e4l\u00e4 Masters\" \/>\n<meta property=\"article:publisher\" content=\"https:\/\/www.facebook.com\/rayskalamasters\" \/>\n<meta property=\"article:modified_time\" content=\"2025-02-01T18:15:25+00:00\" \/>\n<meta name=\"twitter:card\" content=\"summary_large_image\" \/>\n<meta name=\"twitter:label1\" content=\"Estimated reading time\" \/>\n\t<meta name=\"twitter:data1\" content=\"1 minute\" \/>\n<script type=\"application\/ld+json\" class=\"yoast-schema-graph\">{\"@context\":\"https:\\\/\\\/schema.org\",\"@graph\":[{\"@type\":\"WebPage\",\"@id\":\"https:\\\/\\\/www.rayskala.fi\\\/masters\\\/accommodation\\\/\",\"url\":\"https:\\\/\\\/www.rayskala.fi\\\/masters\\\/accommodation\\\/\",\"name\":\"Accommodation &#060; R\u00e4ysk\u00e4l\u00e4 Masters\",\"isPartOf\":{\"@id\":\"https:\\\/\\\/www.rayskala.fi\\\/masters\\\/#website\"},\"datePublished\":\"2025-02-01T13:08:41+00:00\",\"dateModified\":\"2025-02-01T18:15:25+00:00\",\"breadcrumb\":{\"@id\":\"https:\\\/\\\/www.rayskala.fi\\\/masters\\\/accommodation\\\/#breadcrumb\"},\"inLanguage\":\"en-GB\",\"potentialAction\":[{\"@type\":\"ReadAction\",\"target\":[\"https:\\\/\\\/www.rayskala.fi\\\/masters\\\/accommodation\\\/\"]}]},{\"@type\":\"BreadcrumbList\",\"@id\":\"https:\\\/\\\/www.rayskala.fi\\\/masters\\\/accommodation\\\/#breadcrumb\",\"itemListElement\":[{\"@type\":\"ListItem\",\"position\":1,\"name\":\"Home\",\"item\":\"https:\\\/\\\/www.rayskala.fi\\\/masters\\\/\"},{\"@type\":\"ListItem\",\"position\":2,\"name\":\"Accommodation\"}]},{\"@type\":\"WebSite\",\"@id\":\"https:\\\/\\\/www.rayskala.fi\\\/masters\\\/#website\",\"url\":\"https:\\\/\\\/www.rayskala.fi\\\/masters\\\/\",\"name\":\"R\u00e4ysk\u00e4l\u00e4 Masters\",\"description\":\"Next generation gliding competition\",\"publisher\":{\"@id\":\"https:\\\/\\\/www.rayskala.fi\\\/masters\\\/#organization\"},\"potentialAction\":[{\"@type\":\"SearchAction\",\"target\":{\"@type\":\"EntryPoint\",\"urlTemplate\":\"https:\\\/\\\/www.rayskala.fi\\\/masters\\\/?s={search_term_string}\"},\"query-input\":{\"@type\":\"PropertyValueSpecification\",\"valueRequired\":true,\"valueName\":\"search_term_string\"}}],\"inLanguage\":\"en-GB\"},{\"@type\":\"Organization\",\"@id\":\"https:\\\/\\\/www.rayskala.fi\\\/masters\\\/#organization\",\"name\":\"R\u00e4ysk\u00e4l\u00e4 Masters\",\"url\":\"https:\\\/\\\/www.rayskala.fi\\\/masters\\\/\",\"logo\":{\"@type\":\"ImageObject\",\"inLanguage\":\"en-GB\",\"@id\":\"https:\\\/\\\/www.rayskala.fi\\\/masters\\\/#\\\/schema\\\/logo\\\/image\\\/\",\"url\":\"https:\\\/\\\/www.rayskala.fi\\\/files\\\/sites\\\/9\\\/rayskalamasters2018_square_big.png\",\"contentUrl\":\"https:\\\/\\\/www.rayskala.fi\\\/files\\\/sites\\\/9\\\/rayskalamasters2018_square_big.png\",\"width\":1041,\"height\":1077,\"caption\":\"R\u00e4ysk\u00e4l\u00e4 Masters\"},\"image\":{\"@id\":\"https:\\\/\\\/www.rayskala.fi\\\/masters\\\/#\\\/schema\\\/logo\\\/image\\\/\"},\"sameAs\":[\"https:\\\/\\\/www.facebook.com\\\/rayskalamasters\"]}]}<\/script>\n<!-- \/ Yoast SEO plugin. -->","yoast_head_json":{"title":"Accommodation &#060; R\u00e4ysk\u00e4l\u00e4 Masters","robots":{"index":"index","follow":"follow","max-snippet":"max-snippet:-1","max-image-preview":"max-image-preview:large","max-video-preview":"max-video-preview:-1"},"canonical":"https:\/\/www.rayskala.fi\/masters\/accommodation\/","og_locale":"en_GB","og_type":"article","og_title":"Accommodation &#060; R\u00e4ysk\u00e4l\u00e4 Masters","og_description":"Majoitus R\u00e4ysk\u00e4l\u00e4n l\u00e4hiymp\u00e4rist\u00f6ss\u00e4 on kelpo valikoima majoitusvaihtoehtoja m\u00f6keist\u00e4 ryhm\u00e4majoitukseen. L\u00e4hialueilla toimii my\u00f6s useita vaunu- ja asuntoautovuokraamoita, joiden valikoimista l\u00f6ytyy varmasti sopiva vaihtoehto tarpeen mukaan. Kisaleirinn\u00e4n k\u00e4yt\u00f6ss\u00e4 ovat sek\u00e4 motellin ett\u00e4 saunarakennuksen WC\/suihkutilat ja yhteisk\u00e4ytt\u00f6keitti\u00f6t. My\u00f6s ilmailukeskuksen motellissa on huoneita varattavissa. Lis\u00e4tietoja R\u00e4ysk\u00e4l\u00e4n nettisivuilla Accommodation Nearby R\u00e4ysk\u00e4l\u00e4 are several cottages and other options for your team. [&hellip;]","og_url":"https:\/\/www.rayskala.fi\/masters\/accommodation\/","og_site_name":"R\u00e4ysk\u00e4l\u00e4 Masters","article_publisher":"https:\/\/www.facebook.com\/rayskalamasters","article_modified_time":"2025-02-01T18:15:25+00:00","twitter_card":"summary_large_image","twitter_misc":{"Estimated reading time":"1 minute"},"schema":{"@context":"https:\/\/schema.org","@graph":[{"@type":"WebPage","@id":"https:\/\/www.rayskala.fi\/masters\/accommodation\/","url":"https:\/\/www.rayskala.fi\/masters\/accommodation\/","name":"Accommodation &#060; R\u00e4ysk\u00e4l\u00e4 Masters","isPartOf":{"@id":"https:\/\/www.rayskala.fi\/masters\/#website"},"datePublished":"2025-02-01T13:08:41+00:00","dateModified":"2025-02-01T18:15:25+00:00","breadcrumb":{"@id":"https:\/\/www.rayskala.fi\/masters\/accommodation\/#breadcrumb"},"inLanguage":"en-GB","potentialAction":[{"@type":"ReadAction","target":["https:\/\/www.rayskala.fi\/masters\/accommodation\/"]}]},{"@type":"BreadcrumbList","@id":"https:\/\/www.rayskala.fi\/masters\/accommodation\/#breadcrumb","itemListElement":[{"@type":"ListItem","position":1,"name":"Home","item":"https:\/\/www.rayskala.fi\/masters\/"},{"@type":"ListItem","position":2,"name":"Accommodation"}]},{"@type":"WebSite","@id":"https:\/\/www.rayskala.fi\/masters\/#website","url":"https:\/\/www.rayskala.fi\/masters\/","name":"R\u00e4ysk\u00e4l\u00e4 Masters","description":"Next generation gliding competition","publisher":{"@id":"https:\/\/www.rayskala.fi\/masters\/#organization"},"potentialAction":[{"@type":"SearchAction","target":{"@type":"EntryPoint","urlTemplate":"https:\/\/www.rayskala.fi\/masters\/?s={search_term_string}"},"query-input":{"@type":"PropertyValueSpecification","valueRequired":true,"valueName":"search_term_string"}}],"inLanguage":"en-GB"},{"@type":"Organization","@id":"https:\/\/www.rayskala.fi\/masters\/#organization","name":"R\u00e4ysk\u00e4l\u00e4 Masters","url":"https:\/\/www.rayskala.fi\/masters\/","logo":{"@type":"ImageObject","inLanguage":"en-GB","@id":"https:\/\/www.rayskala.fi\/masters\/#\/schema\/logo\/image\/","url":"https:\/\/www.rayskala.fi\/files\/sites\/9\/rayskalamasters2018_square_big.png","contentUrl":"https:\/\/www.rayskala.fi\/files\/sites\/9\/rayskalamasters2018_square_big.png","width":1041,"height":1077,"caption":"R\u00e4ysk\u00e4l\u00e4 Masters"},"image":{"@id":"https:\/\/www.rayskala.fi\/masters\/#\/schema\/logo\/image\/"},"sameAs":["https:\/\/www.facebook.com\/rayskalamasters"]}]}},"publishpress_future_action":{"enabled":false,"date":"2026-05-03 06:59:19","action":"change-status","newStatus":"draft","terms":[],"taxonomy":"","extraData":[]},"publishpress_future_workflow_manual_trigger":{"enabledWorkflows":[]},"_links":{"self":[{"href":"https:\/\/www.rayskala.fi\/masters\/wp-json\/wp\/v2\/pages\/1679","targetHints":{"allow":["GET"]}}],"collection":[{"href":"https:\/\/www.rayskala.fi\/masters\/wp-json\/wp\/v2\/pages"}],"about":[{"href":"https:\/\/www.rayskala.fi\/masters\/wp-json\/wp\/v2\/types\/page"}],"author":[{"embeddable":true,"href":"https:\/\/www.rayskala.fi\/masters\/wp-json\/wp\/v2\/users\/7"}],"replies":[{"embeddable":true,"href":"https:\/\/www.rayskala.fi\/masters\/wp-json\/wp\/v2\/comments?post=1679"}],"version-history":[{"count":5,"href":"https:\/\/www.rayskala.fi\/masters\/wp-json\/wp\/v2\/pages\/1679\/revisions"}],"predecessor-version":[{"id":1685,"href":"https:\/\/www.rayskala.fi\/masters\/wp-json\/wp\/v2\/pages\/1679\/revisions\/1685"}],"wp:attachment":[{"href":"https:\/\/www.rayskala.fi\/masters\/wp-json\/wp\/v2\/media?parent=1679"}],"curies":[{"name":"wp","href":"https:\/\/api.w.org\/{rel}","templated":true}]}}