{"id":1146,"date":"2023-06-09T11:44:19","date_gmt":"2023-06-09T08:44:19","guid":{"rendered":"https:\/\/www.rayskala.fi\/masters\/?page_id=1146"},"modified":"2025-05-29T11:12:01","modified_gmt":"2025-05-29T08:12:01","slug":"photos","status":"publish","type":"page","link":"https:\/\/www.rayskala.fi\/masters\/photos\/","title":{"rendered":"Photos &#038; Stories"},"content":{"rendered":"\t\t<div data-elementor-type=\"wp-page\" data-elementor-id=\"1146\" class=\"elementor elementor-1146\" data-elementor-post-type=\"page\">\n\t\t\t\t<div class=\"elementor-element elementor-element-8487246 e-flex e-con-boxed e-con e-parent\" data-id=\"8487246\" data-element_type=\"container\" data-e-type=\"container\">\n\t\t\t\t\t<div class=\"e-con-inner\">\n\t\t\t\t<div class=\"elementor-element elementor-element-46ae7ea elementor-widget elementor-widget-heading\" data-id=\"46ae7ea\" data-element_type=\"widget\" data-e-type=\"widget\" data-widget_type=\"heading.default\">\n\t\t\t\t<div class=\"elementor-widget-container\">\n\t\t\t\t\t<h1 class=\"elementor-heading-title elementor-size-default\">R\u00e4ysk\u00e4l\u00e4 Masters 2023 photos &amp; stories<\/h1>\t\t\t\t<\/div>\n\t\t\t\t<\/div>\n\t\t\t\t\t<\/div>\n\t\t\t\t<\/div>\n\t\t<div class=\"elementor-element elementor-element-71fddcb e-flex e-con-boxed e-con e-parent\" data-id=\"71fddcb\" data-element_type=\"container\" data-e-type=\"container\">\n\t\t\t\t\t<div class=\"e-con-inner\">\n\t\t\t\t<div class=\"elementor-element elementor-element-42e93fc elementor-grid-3 elementor-grid-tablet-2 elementor-grid-mobile-1 elementor-posts--thumbnail-top elementor-widget elementor-widget-posts\" data-id=\"42e93fc\" data-element_type=\"widget\" data-e-type=\"widget\" data-settings=\"{&quot;pagination_type&quot;:&quot;numbers&quot;,&quot;classic_columns&quot;:&quot;3&quot;,&quot;classic_columns_tablet&quot;:&quot;2&quot;,&quot;classic_columns_mobile&quot;:&quot;1&quot;,&quot;classic_row_gap&quot;:{&quot;unit&quot;:&quot;px&quot;,&quot;size&quot;:35,&quot;sizes&quot;:[]},&quot;classic_row_gap_tablet&quot;:{&quot;unit&quot;:&quot;px&quot;,&quot;size&quot;:&quot;&quot;,&quot;sizes&quot;:[]},&quot;classic_row_gap_mobile&quot;:{&quot;unit&quot;:&quot;px&quot;,&quot;size&quot;:&quot;&quot;,&quot;sizes&quot;:[]}}\" data-widget_type=\"posts.classic\">\n\t\t\t\t<div class=\"elementor-widget-container\">\n\t\t\t\t\t\t\t<div class=\"elementor-posts-container elementor-posts elementor-posts--skin-classic elementor-grid\" role=\"list\">\n\t\t\t\t<article class=\"elementor-post elementor-grid-item post-1427 post type-post status-publish format-standard has-post-thumbnail hentry category-year-2023 wpbf-post\" role=\"listitem\">\n\t\t\t\t<a class=\"elementor-post__thumbnail__link\" href=\"https:\/\/www.rayskala.fi\/masters\/year-2023\/17062023-finish-line12\/\" tabindex=\"-1\" >\n\t\t\t<div class=\"elementor-post__thumbnail\"><img fetchpriority=\"high\" decoding=\"async\" width=\"450\" height=\"300\" src=\"https:\/\/www.rayskala.fi\/files\/sites\/9\/IMG_2754-450x300.jpg\" class=\"attachment-medium size-medium wp-image-1454\" alt=\"\" srcset=\"https:\/\/www.rayskala.fi\/files\/sites\/9\/IMG_2754-450x300.jpg 450w, https:\/\/www.rayskala.fi\/files\/sites\/9\/IMG_2754-1000x667.jpg 1000w, https:\/\/www.rayskala.fi\/files\/sites\/9\/IMG_2754-150x100.jpg 150w, https:\/\/www.rayskala.fi\/files\/sites\/9\/IMG_2754-768x512.jpg 768w, https:\/\/www.rayskala.fi\/files\/sites\/9\/IMG_2754-1536x1024.jpg 1536w, https:\/\/www.rayskala.fi\/files\/sites\/9\/IMG_2754-2048x1365.jpg 2048w\" sizes=\"(max-width: 450px) 100vw, 450px\" \/><\/div>\n\t\t<\/a>\n\t\t\t\t<div class=\"elementor-post__text\">\n\t\t\t\t<h3 class=\"elementor-post__title\">\n\t\t\t<a href=\"https:\/\/www.rayskala.fi\/masters\/year-2023\/17062023-finish-line12\/\" >\n\t\t\t\t17.6.2023 Finish line 12\t\t\t<\/a>\n\t\t<\/h3>\n\t\t\t\t<div class=\"elementor-post__excerpt\">\n\t\t\t<p>Photos by: Katja Soikkeli<\/p>\n\t\t<\/div>\n\t\t\n\t\t<a class=\"elementor-post__read-more\" href=\"https:\/\/www.rayskala.fi\/masters\/year-2023\/17062023-finish-line12\/\" aria-label=\"Read more about 17.6.2023 Finish line 12\" tabindex=\"-1\" >\n\t\t\tRead More \u00bb\t\t<\/a>\n\n\t\t\t\t<\/div>\n\t\t\t\t<\/article>\n\t\t\t\t<article class=\"elementor-post elementor-grid-item post-1509 post type-post status-publish format-standard has-post-thumbnail hentry category-year-2023 wpbf-post\" role=\"listitem\">\n\t\t\t\t<a class=\"elementor-post__thumbnail__link\" href=\"https:\/\/www.rayskala.fi\/masters\/year-2023\/17-6-2023-grid\/\" tabindex=\"-1\" >\n\t\t\t<div class=\"elementor-post__thumbnail\"><img decoding=\"async\" width=\"450\" height=\"300\" src=\"https:\/\/www.rayskala.fi\/files\/sites\/9\/IMG_2495-450x300.jpg\" class=\"attachment-medium size-medium wp-image-1510\" alt=\"\" srcset=\"https:\/\/www.rayskala.fi\/files\/sites\/9\/IMG_2495-450x300.jpg 450w, https:\/\/www.rayskala.fi\/files\/sites\/9\/IMG_2495-1000x667.jpg 1000w, https:\/\/www.rayskala.fi\/files\/sites\/9\/IMG_2495-150x100.jpg 150w, https:\/\/www.rayskala.fi\/files\/sites\/9\/IMG_2495-768x512.jpg 768w, https:\/\/www.rayskala.fi\/files\/sites\/9\/IMG_2495-1536x1024.jpg 1536w, https:\/\/www.rayskala.fi\/files\/sites\/9\/IMG_2495-2048x1365.jpg 2048w\" sizes=\"(max-width: 450px) 100vw, 450px\" \/><\/div>\n\t\t<\/a>\n\t\t\t\t<div class=\"elementor-post__text\">\n\t\t\t\t<h3 class=\"elementor-post__title\">\n\t\t\t<a href=\"https:\/\/www.rayskala.fi\/masters\/year-2023\/17-6-2023-grid\/\" >\n\t\t\t\t17.6.2023 Grid\t\t\t<\/a>\n\t\t<\/h3>\n\t\t\t\t<div class=\"elementor-post__excerpt\">\n\t\t\t<p>Photos by: Katja Soikkeli<\/p>\n\t\t<\/div>\n\t\t\n\t\t<a class=\"elementor-post__read-more\" href=\"https:\/\/www.rayskala.fi\/masters\/year-2023\/17-6-2023-grid\/\" aria-label=\"Read more about 17.6.2023 Grid\" tabindex=\"-1\" >\n\t\t\tRead More \u00bb\t\t<\/a>\n\n\t\t\t\t<\/div>\n\t\t\t\t<\/article>\n\t\t\t\t<article class=\"elementor-post elementor-grid-item post-1479 post type-post status-publish format-standard has-post-thumbnail hentry category-year-2023 wpbf-post\" role=\"listitem\">\n\t\t\t\t<a class=\"elementor-post__thumbnail__link\" href=\"https:\/\/www.rayskala.fi\/masters\/year-2023\/16062023-rwy08\/\" tabindex=\"-1\" >\n\t\t\t<div class=\"elementor-post__thumbnail\"><img decoding=\"async\" width=\"450\" height=\"300\" src=\"https:\/\/www.rayskala.fi\/files\/sites\/9\/IMG_2492_small-450x300.jpg\" class=\"attachment-medium size-medium wp-image-1507\" alt=\"\" srcset=\"https:\/\/www.rayskala.fi\/files\/sites\/9\/IMG_2492_small-450x300.jpg 450w, https:\/\/www.rayskala.fi\/files\/sites\/9\/IMG_2492_small-1000x667.jpg 1000w, https:\/\/www.rayskala.fi\/files\/sites\/9\/IMG_2492_small-150x100.jpg 150w, https:\/\/www.rayskala.fi\/files\/sites\/9\/IMG_2492_small-768x512.jpg 768w, https:\/\/www.rayskala.fi\/files\/sites\/9\/IMG_2492_small-1536x1024.jpg 1536w, https:\/\/www.rayskala.fi\/files\/sites\/9\/IMG_2492_small.jpg 1600w\" sizes=\"(max-width: 450px) 100vw, 450px\" \/><\/div>\n\t\t<\/a>\n\t\t\t\t<div class=\"elementor-post__text\">\n\t\t\t\t<h3 class=\"elementor-post__title\">\n\t\t\t<a href=\"https:\/\/www.rayskala.fi\/masters\/year-2023\/16062023-rwy08\/\" >\n\t\t\t\t16.6.2023 RWY 08R\t\t\t<\/a>\n\t\t<\/h3>\n\t\t\t\t<div class=\"elementor-post__excerpt\">\n\t\t\t<p>Photos by: Katja Soikkeli<\/p>\n\t\t<\/div>\n\t\t\n\t\t<a class=\"elementor-post__read-more\" href=\"https:\/\/www.rayskala.fi\/masters\/year-2023\/16062023-rwy08\/\" aria-label=\"Read more about 16.6.2023 RWY 08R\" tabindex=\"-1\" >\n\t\t\tRead More \u00bb\t\t<\/a>\n\n\t\t\t\t<\/div>\n\t\t\t\t<\/article>\n\t\t\t\t<article class=\"elementor-post elementor-grid-item post-1349 post type-post status-publish format-standard has-post-thumbnail hentry category-year-2023 wpbf-post\" role=\"listitem\">\n\t\t\t\t<a class=\"elementor-post__thumbnail__link\" href=\"https:\/\/www.rayskala.fi\/masters\/year-2023\/15062023\/\" tabindex=\"-1\" >\n\t\t\t<div class=\"elementor-post__thumbnail\"><img loading=\"lazy\" decoding=\"async\" width=\"450\" height=\"300\" src=\"https:\/\/www.rayskala.fi\/files\/sites\/9\/IMG_2410-450x300.jpg\" class=\"attachment-medium size-medium wp-image-1374\" alt=\"\" srcset=\"https:\/\/www.rayskala.fi\/files\/sites\/9\/IMG_2410-450x300.jpg 450w, https:\/\/www.rayskala.fi\/files\/sites\/9\/IMG_2410-1000x667.jpg 1000w, https:\/\/www.rayskala.fi\/files\/sites\/9\/IMG_2410-150x100.jpg 150w, https:\/\/www.rayskala.fi\/files\/sites\/9\/IMG_2410-768x512.jpg 768w, https:\/\/www.rayskala.fi\/files\/sites\/9\/IMG_2410-1536x1024.jpg 1536w, https:\/\/www.rayskala.fi\/files\/sites\/9\/IMG_2410-2048x1365.jpg 2048w\" sizes=\"(max-width: 450px) 100vw, 450px\" \/><\/div>\n\t\t<\/a>\n\t\t\t\t<div class=\"elementor-post__text\">\n\t\t\t\t<h3 class=\"elementor-post__title\">\n\t\t\t<a href=\"https:\/\/www.rayskala.fi\/masters\/year-2023\/15062023\/\" >\n\t\t\t\t15.6.2023 Towings\t\t\t<\/a>\n\t\t<\/h3>\n\t\t\t\t<div class=\"elementor-post__excerpt\">\n\t\t\t<p>Photos by: Katja Soikkeli<\/p>\n\t\t<\/div>\n\t\t\n\t\t<a class=\"elementor-post__read-more\" href=\"https:\/\/www.rayskala.fi\/masters\/year-2023\/15062023\/\" aria-label=\"Read more about 15.6.2023 Towings\" tabindex=\"-1\" >\n\t\t\tRead More \u00bb\t\t<\/a>\n\n\t\t\t\t<\/div>\n\t\t\t\t<\/article>\n\t\t\t\t<article class=\"elementor-post elementor-grid-item post-1323 post type-post status-publish format-standard has-post-thumbnail hentry category-year-2023 wpbf-post\" role=\"listitem\">\n\t\t\t\t<a class=\"elementor-post__thumbnail__link\" href=\"https:\/\/www.rayskala.fi\/masters\/year-2023\/14-6-2023-grid\/\" tabindex=\"-1\" >\n\t\t\t<div class=\"elementor-post__thumbnail\"><img loading=\"lazy\" decoding=\"async\" width=\"450\" height=\"300\" src=\"https:\/\/www.rayskala.fi\/files\/sites\/9\/IMG_2316_small-450x300.jpg\" class=\"attachment-medium size-medium wp-image-1324\" alt=\"\" srcset=\"https:\/\/www.rayskala.fi\/files\/sites\/9\/IMG_2316_small-450x300.jpg 450w, https:\/\/www.rayskala.fi\/files\/sites\/9\/IMG_2316_small-1000x667.jpg 1000w, https:\/\/www.rayskala.fi\/files\/sites\/9\/IMG_2316_small-150x100.jpg 150w, https:\/\/www.rayskala.fi\/files\/sites\/9\/IMG_2316_small-768x512.jpg 768w, https:\/\/www.rayskala.fi\/files\/sites\/9\/IMG_2316_small-1536x1024.jpg 1536w, https:\/\/www.rayskala.fi\/files\/sites\/9\/IMG_2316_small.jpg 1600w\" sizes=\"(max-width: 450px) 100vw, 450px\" \/><\/div>\n\t\t<\/a>\n\t\t\t\t<div class=\"elementor-post__text\">\n\t\t\t\t<h3 class=\"elementor-post__title\">\n\t\t\t<a href=\"https:\/\/www.rayskala.fi\/masters\/year-2023\/14-6-2023-grid\/\" >\n\t\t\t\t14.6.2023 Grid\t\t\t<\/a>\n\t\t<\/h3>\n\t\t\t\t<div class=\"elementor-post__excerpt\">\n\t\t\t<p>Photos by: Katja Soikkeli<\/p>\n\t\t<\/div>\n\t\t\n\t\t<a class=\"elementor-post__read-more\" href=\"https:\/\/www.rayskala.fi\/masters\/year-2023\/14-6-2023-grid\/\" aria-label=\"Read more about 14.6.2023 Grid\" tabindex=\"-1\" >\n\t\t\tRead More \u00bb\t\t<\/a>\n\n\t\t\t\t<\/div>\n\t\t\t\t<\/article>\n\t\t\t\t<article class=\"elementor-post elementor-grid-item post-1421 post type-post status-publish format-standard has-post-thumbnail hentry category-year-2023 wpbf-post\" role=\"listitem\">\n\t\t\t\t<a class=\"elementor-post__thumbnail__link\" href=\"https:\/\/www.rayskala.fi\/masters\/year-2023\/14062023-ex-ohjaamosta\/\" tabindex=\"-1\" >\n\t\t\t<div class=\"elementor-post__thumbnail\"><img loading=\"lazy\" decoding=\"async\" width=\"338\" height=\"450\" src=\"https:\/\/www.rayskala.fi\/files\/sites\/9\/day5-EX-338x450.jpg\" class=\"attachment-medium size-medium wp-image-1423\" alt=\"\" srcset=\"https:\/\/www.rayskala.fi\/files\/sites\/9\/day5-EX-338x450.jpg 338w, https:\/\/www.rayskala.fi\/files\/sites\/9\/day5-EX-750x1000.jpg 750w, https:\/\/www.rayskala.fi\/files\/sites\/9\/day5-EX-113x150.jpg 113w, https:\/\/www.rayskala.fi\/files\/sites\/9\/day5-EX-768x1024.jpg 768w, https:\/\/www.rayskala.fi\/files\/sites\/9\/day5-EX.jpg 843w\" sizes=\"(max-width: 338px) 100vw, 338px\" \/><\/div>\n\t\t<\/a>\n\t\t\t\t<div class=\"elementor-post__text\">\n\t\t\t\t<h3 class=\"elementor-post__title\">\n\t\t\t<a href=\"https:\/\/www.rayskala.fi\/masters\/year-2023\/14062023-ex-ohjaamosta\/\" >\n\t\t\t\t14.6.2023 Kisap\u00e4iv\u00e4 EX:n ohjaamosta\t\t\t<\/a>\n\t\t<\/h3>\n\t\t\t\t<div class=\"elementor-post__excerpt\">\n\t\t\t<p>Kirjoittaja: Riku Rissanen<\/p>\n\t\t<\/div>\n\t\t\n\t\t<a class=\"elementor-post__read-more\" href=\"https:\/\/www.rayskala.fi\/masters\/year-2023\/14062023-ex-ohjaamosta\/\" aria-label=\"Read more about 14.6.2023 Kisap\u00e4iv\u00e4 EX:n ohjaamosta\" tabindex=\"-1\" >\n\t\t\tRead More \u00bb\t\t<\/a>\n\n\t\t\t\t<\/div>\n\t\t\t\t<\/article>\n\t\t\t\t<\/div>\n\t\t\n\t\t\t\t<div class=\"e-load-more-anchor\" data-page=\"1\" data-max-page=\"3\" data-next-page=\"https:\/\/www.rayskala.fi\/masters\/wp-json\/wp\/v2\/pages\/1146\/page\/2\/\"><\/div>\n\t\t\t\t<nav class=\"elementor-pagination\" aria-label=\"Pagination\">\n\t\t\t<span aria-current=\"page\" class=\"page-numbers current\"><span class=\"elementor-screen-only\">Page<\/span>1<\/span>\n<a class=\"page-numbers\" href=\"https:\/\/www.rayskala.fi\/masters\/wp-json\/wp\/v2\/pages\/1146\/page\/2\/\"><span class=\"elementor-screen-only\">Page<\/span>2<\/a>\n<a class=\"page-numbers\" href=\"https:\/\/www.rayskala.fi\/masters\/wp-json\/wp\/v2\/pages\/1146\/page\/3\/\"><span class=\"elementor-screen-only\">Page<\/span>3<\/a>\t\t<\/nav>\n\t\t\t\t\t\t<\/div>\n\t\t\t\t<\/div>\n\t\t\t\t\t<\/div>\n\t\t\t\t<\/div>\n\t\t\t\t<\/div>\n\t\t","protected":false},"excerpt":{"rendered":"<p>R\u00e4ysk\u00e4l\u00e4 Masters 2023 photos &amp; stories<\/p>\n","protected":false},"author":7,"featured_media":1324,"parent":0,"menu_order":500,"comment_status":"closed","ping_status":"closed","template":"","meta":{"footnotes":""},"class_list":["post-1146","page","type-page","status-publish","has-post-thumbnail","hentry","wpbf-post"],"yoast_head":"<!-- This site is optimized with the Yoast SEO plugin v27.4 - https:\/\/yoast.com\/product\/yoast-seo-wordpress\/ -->\n<title>Photos &amp; Stories &#060; R\u00e4ysk\u00e4l\u00e4 Masters<\/title>\n<meta name=\"description\" content=\"R\u00e4ysk\u00e4l\u00e4 Masters photos &amp; stories. See the atmosphere captured during the competition day.\" \/>\n<meta name=\"robots\" content=\"index, follow, max-snippet:-1, max-image-preview:large, max-video-preview:-1\" \/>\n<link rel=\"canonical\" href=\"https:\/\/www.rayskala.fi\/masters\/photos\/\" \/>\n<meta property=\"og:locale\" content=\"en_GB\" \/>\n<meta property=\"og:type\" content=\"article\" \/>\n<meta property=\"og:title\" content=\"Photos &amp; Stories &#060; R\u00e4ysk\u00e4l\u00e4 Masters\" \/>\n<meta property=\"og:description\" content=\"R\u00e4ysk\u00e4l\u00e4 Masters photos &amp; stories. See the atmosphere captured during the competition day.\" \/>\n<meta property=\"og:url\" content=\"https:\/\/www.rayskala.fi\/masters\/photos\/\" \/>\n<meta property=\"og:site_name\" content=\"R\u00e4ysk\u00e4l\u00e4 Masters\" \/>\n<meta property=\"article:publisher\" content=\"https:\/\/www.facebook.com\/rayskalamasters\" \/>\n<meta property=\"article:modified_time\" content=\"2025-05-29T08:12:01+00:00\" \/>\n<meta property=\"og:image\" content=\"https:\/\/www.rayskala.fi\/files\/sites\/9\/IMG_2316_small.jpg\" \/>\n\t<meta property=\"og:image:width\" content=\"1600\" \/>\n\t<meta property=\"og:image:height\" content=\"1067\" \/>\n\t<meta property=\"og:image:type\" content=\"image\/jpeg\" \/>\n<meta name=\"twitter:card\" content=\"summary_large_image\" \/>\n<script type=\"application\/ld+json\" class=\"yoast-schema-graph\">{\"@context\":\"https:\\\/\\\/schema.org\",\"@graph\":[{\"@type\":\"WebPage\",\"@id\":\"https:\\\/\\\/www.rayskala.fi\\\/masters\\\/photos\\\/\",\"url\":\"https:\\\/\\\/www.rayskala.fi\\\/masters\\\/photos\\\/\",\"name\":\"Photos & Stories &#060; R\u00e4ysk\u00e4l\u00e4 Masters\",\"isPartOf\":{\"@id\":\"https:\\\/\\\/www.rayskala.fi\\\/masters\\\/#website\"},\"primaryImageOfPage\":{\"@id\":\"https:\\\/\\\/www.rayskala.fi\\\/masters\\\/photos\\\/#primaryimage\"},\"image\":{\"@id\":\"https:\\\/\\\/www.rayskala.fi\\\/masters\\\/photos\\\/#primaryimage\"},\"thumbnailUrl\":\"https:\\\/\\\/www.rayskala.fi\\\/files\\\/sites\\\/9\\\/IMG_2316_small.jpg\",\"datePublished\":\"2023-06-09T08:44:19+00:00\",\"dateModified\":\"2025-05-29T08:12:01+00:00\",\"description\":\"R\u00e4ysk\u00e4l\u00e4 Masters photos & stories. See the atmosphere captured during the competition day.\",\"breadcrumb\":{\"@id\":\"https:\\\/\\\/www.rayskala.fi\\\/masters\\\/photos\\\/#breadcrumb\"},\"inLanguage\":\"en-GB\",\"potentialAction\":[{\"@type\":\"ReadAction\",\"target\":[\"https:\\\/\\\/www.rayskala.fi\\\/masters\\\/photos\\\/\"]}]},{\"@type\":\"ImageObject\",\"inLanguage\":\"en-GB\",\"@id\":\"https:\\\/\\\/www.rayskala.fi\\\/masters\\\/photos\\\/#primaryimage\",\"url\":\"https:\\\/\\\/www.rayskala.fi\\\/files\\\/sites\\\/9\\\/IMG_2316_small.jpg\",\"contentUrl\":\"https:\\\/\\\/www.rayskala.fi\\\/files\\\/sites\\\/9\\\/IMG_2316_small.jpg\",\"width\":1600,\"height\":1067},{\"@type\":\"BreadcrumbList\",\"@id\":\"https:\\\/\\\/www.rayskala.fi\\\/masters\\\/photos\\\/#breadcrumb\",\"itemListElement\":[{\"@type\":\"ListItem\",\"position\":1,\"name\":\"Home\",\"item\":\"https:\\\/\\\/www.rayskala.fi\\\/masters\\\/\"},{\"@type\":\"ListItem\",\"position\":2,\"name\":\"Photos &#038; Stories\"}]},{\"@type\":\"WebSite\",\"@id\":\"https:\\\/\\\/www.rayskala.fi\\\/masters\\\/#website\",\"url\":\"https:\\\/\\\/www.rayskala.fi\\\/masters\\\/\",\"name\":\"R\u00e4ysk\u00e4l\u00e4 Masters\",\"description\":\"Next generation gliding competition\",\"publisher\":{\"@id\":\"https:\\\/\\\/www.rayskala.fi\\\/masters\\\/#organization\"},\"potentialAction\":[{\"@type\":\"SearchAction\",\"target\":{\"@type\":\"EntryPoint\",\"urlTemplate\":\"https:\\\/\\\/www.rayskala.fi\\\/masters\\\/?s={search_term_string}\"},\"query-input\":{\"@type\":\"PropertyValueSpecification\",\"valueRequired\":true,\"valueName\":\"search_term_string\"}}],\"inLanguage\":\"en-GB\"},{\"@type\":\"Organization\",\"@id\":\"https:\\\/\\\/www.rayskala.fi\\\/masters\\\/#organization\",\"name\":\"R\u00e4ysk\u00e4l\u00e4 Masters\",\"url\":\"https:\\\/\\\/www.rayskala.fi\\\/masters\\\/\",\"logo\":{\"@type\":\"ImageObject\",\"inLanguage\":\"en-GB\",\"@id\":\"https:\\\/\\\/www.rayskala.fi\\\/masters\\\/#\\\/schema\\\/logo\\\/image\\\/\",\"url\":\"https:\\\/\\\/www.rayskala.fi\\\/files\\\/sites\\\/9\\\/rayskalamasters2018_square_big.png\",\"contentUrl\":\"https:\\\/\\\/www.rayskala.fi\\\/files\\\/sites\\\/9\\\/rayskalamasters2018_square_big.png\",\"width\":1041,\"height\":1077,\"caption\":\"R\u00e4ysk\u00e4l\u00e4 Masters\"},\"image\":{\"@id\":\"https:\\\/\\\/www.rayskala.fi\\\/masters\\\/#\\\/schema\\\/logo\\\/image\\\/\"},\"sameAs\":[\"https:\\\/\\\/www.facebook.com\\\/rayskalamasters\"]}]}<\/script>\n<!-- \/ Yoast SEO plugin. -->","yoast_head_json":{"title":"Photos & Stories &#060; R\u00e4ysk\u00e4l\u00e4 Masters","description":"R\u00e4ysk\u00e4l\u00e4 Masters photos & stories. See the atmosphere captured during the competition day.","robots":{"index":"index","follow":"follow","max-snippet":"max-snippet:-1","max-image-preview":"max-image-preview:large","max-video-preview":"max-video-preview:-1"},"canonical":"https:\/\/www.rayskala.fi\/masters\/photos\/","og_locale":"en_GB","og_type":"article","og_title":"Photos & Stories &#060; R\u00e4ysk\u00e4l\u00e4 Masters","og_description":"R\u00e4ysk\u00e4l\u00e4 Masters photos & stories. See the atmosphere captured during the competition day.","og_url":"https:\/\/www.rayskala.fi\/masters\/photos\/","og_site_name":"R\u00e4ysk\u00e4l\u00e4 Masters","article_publisher":"https:\/\/www.facebook.com\/rayskalamasters","article_modified_time":"2025-05-29T08:12:01+00:00","og_image":[{"width":1600,"height":1067,"url":"https:\/\/www.rayskala.fi\/files\/sites\/9\/IMG_2316_small.jpg","type":"image\/jpeg"}],"twitter_card":"summary_large_image","schema":{"@context":"https:\/\/schema.org","@graph":[{"@type":"WebPage","@id":"https:\/\/www.rayskala.fi\/masters\/photos\/","url":"https:\/\/www.rayskala.fi\/masters\/photos\/","name":"Photos & Stories &#060; R\u00e4ysk\u00e4l\u00e4 Masters","isPartOf":{"@id":"https:\/\/www.rayskala.fi\/masters\/#website"},"primaryImageOfPage":{"@id":"https:\/\/www.rayskala.fi\/masters\/photos\/#primaryimage"},"image":{"@id":"https:\/\/www.rayskala.fi\/masters\/photos\/#primaryimage"},"thumbnailUrl":"https:\/\/www.rayskala.fi\/files\/sites\/9\/IMG_2316_small.jpg","datePublished":"2023-06-09T08:44:19+00:00","dateModified":"2025-05-29T08:12:01+00:00","description":"R\u00e4ysk\u00e4l\u00e4 Masters photos & stories. See the atmosphere captured during the competition day.","breadcrumb":{"@id":"https:\/\/www.rayskala.fi\/masters\/photos\/#breadcrumb"},"inLanguage":"en-GB","potentialAction":[{"@type":"ReadAction","target":["https:\/\/www.rayskala.fi\/masters\/photos\/"]}]},{"@type":"ImageObject","inLanguage":"en-GB","@id":"https:\/\/www.rayskala.fi\/masters\/photos\/#primaryimage","url":"https:\/\/www.rayskala.fi\/files\/sites\/9\/IMG_2316_small.jpg","contentUrl":"https:\/\/www.rayskala.fi\/files\/sites\/9\/IMG_2316_small.jpg","width":1600,"height":1067},{"@type":"BreadcrumbList","@id":"https:\/\/www.rayskala.fi\/masters\/photos\/#breadcrumb","itemListElement":[{"@type":"ListItem","position":1,"name":"Home","item":"https:\/\/www.rayskala.fi\/masters\/"},{"@type":"ListItem","position":2,"name":"Photos &#038; Stories"}]},{"@type":"WebSite","@id":"https:\/\/www.rayskala.fi\/masters\/#website","url":"https:\/\/www.rayskala.fi\/masters\/","name":"R\u00e4ysk\u00e4l\u00e4 Masters","description":"Next generation gliding competition","publisher":{"@id":"https:\/\/www.rayskala.fi\/masters\/#organization"},"potentialAction":[{"@type":"SearchAction","target":{"@type":"EntryPoint","urlTemplate":"https:\/\/www.rayskala.fi\/masters\/?s={search_term_string}"},"query-input":{"@type":"PropertyValueSpecification","valueRequired":true,"valueName":"search_term_string"}}],"inLanguage":"en-GB"},{"@type":"Organization","@id":"https:\/\/www.rayskala.fi\/masters\/#organization","name":"R\u00e4ysk\u00e4l\u00e4 Masters","url":"https:\/\/www.rayskala.fi\/masters\/","logo":{"@type":"ImageObject","inLanguage":"en-GB","@id":"https:\/\/www.rayskala.fi\/masters\/#\/schema\/logo\/image\/","url":"https:\/\/www.rayskala.fi\/files\/sites\/9\/rayskalamasters2018_square_big.png","contentUrl":"https:\/\/www.rayskala.fi\/files\/sites\/9\/rayskalamasters2018_square_big.png","width":1041,"height":1077,"caption":"R\u00e4ysk\u00e4l\u00e4 Masters"},"image":{"@id":"https:\/\/www.rayskala.fi\/masters\/#\/schema\/logo\/image\/"},"sameAs":["https:\/\/www.facebook.com\/rayskalamasters"]}]}},"publishpress_future_action":{"enabled":false,"date":"2026-05-03 07:00:01","action":"change-status","newStatus":"draft","terms":[],"taxonomy":"","extraData":[]},"publishpress_future_workflow_manual_trigger":{"enabledWorkflows":[]},"_links":{"self":[{"href":"https:\/\/www.rayskala.fi\/masters\/wp-json\/wp\/v2\/pages\/1146","targetHints":{"allow":["GET"]}}],"collection":[{"href":"https:\/\/www.rayskala.fi\/masters\/wp-json\/wp\/v2\/pages"}],"about":[{"href":"https:\/\/www.rayskala.fi\/masters\/wp-json\/wp\/v2\/types\/page"}],"author":[{"embeddable":true,"href":"https:\/\/www.rayskala.fi\/masters\/wp-json\/wp\/v2\/users\/7"}],"replies":[{"embeddable":true,"href":"https:\/\/www.rayskala.fi\/masters\/wp-json\/wp\/v2\/comments?post=1146"}],"version-history":[{"count":65,"href":"https:\/\/www.rayskala.fi\/masters\/wp-json\/wp\/v2\/pages\/1146\/revisions"}],"predecessor-version":[{"id":1794,"href":"https:\/\/www.rayskala.fi\/masters\/wp-json\/wp\/v2\/pages\/1146\/revisions\/1794"}],"wp:featuredmedia":[{"embeddable":true,"href":"https:\/\/www.rayskala.fi\/masters\/wp-json\/wp\/v2\/media\/1324"}],"wp:attachment":[{"href":"https:\/\/www.rayskala.fi\/masters\/wp-json\/wp\/v2\/media?parent=1146"}],"curies":[{"name":"wp","href":"https:\/\/api.w.org\/{rel}","templated":true}]}}