{"id":1102,"date":"2023-06-05T11:30:41","date_gmt":"2023-06-05T08:30:41","guid":{"rendered":"https:\/\/www.rayskala.fi\/masters\/?page_id=1102"},"modified":"2025-05-24T18:30:35","modified_gmt":"2025-05-24T15:30:35","slug":"info","status":"publish","type":"page","link":"https:\/\/www.rayskala.fi\/masters\/info\/","title":{"rendered":"Local info\/Tietoa alueesta"},"content":{"rendered":"<h1>Local info<\/h1>\n<p>Trailer parking is nearby the racing track in the middle of the airfield, close to the windsock and signal area.<br \/>\nCompetition office is located in small red &#8220;cottage&#8221; in front of the Hangar I.<br \/>\nWe have several wifi networks, the ones which are starting &#8220;EFRY-public&#8221; has the same password: EFRYwifi<br \/>\nMore general info of services and facilities can be found from <a href=\"https:\/\/www.rayskala.fi\/english\/\" target=\"_blank\" rel=\"noopener\">rayskala.fi<\/a><\/p>\n<h1>Tietoa alueesta<\/h1>\n<p>Vierailevien koneiden pys\u00e4k\u00f6inti on tuulipussin vieress\u00e4 olevan ajoradan l\u00e4hell\u00e4.<br \/>\nKisatoimisto sijaitsee punaisessa info-m\u00f6kiss\u00e4 I-hallin edess\u00e4.<br \/>\nAlueella on useita wifi-verkkoja, kaikkien EFRY-public alkuisten wifi-verkkojen salasana on EFRYwifi.<br \/>\nLis\u00e4tietoa R\u00e4ysk\u00e4l\u00e4st\u00e4 ja palveluista l\u00f6ytyy osoitteesta <a href=\"https:\/\/www.rayskala.fi\/\" target=\"_blank\" rel=\"noopener\">rayskala.fi<\/a><\/p>\n<div id='gallery-1' class='gallery galleryid-1102 gallery-columns-2 gallery-size-medium'><figure class='gallery-item'>\n\t\t\t<div class='gallery-icon landscape'>\n\t\t\t\t<a href='https:\/\/www.rayskala.fi\/files\/sites\/9\/lentokentta-infokartta.png'><img fetchpriority=\"high\" decoding=\"async\" width=\"450\" height=\"320\" src=\"https:\/\/www.rayskala.fi\/files\/sites\/9\/lentokentta-infokartta-450x320.png\" class=\"attachment-medium size-medium\" alt=\"\" srcset=\"https:\/\/www.rayskala.fi\/files\/sites\/9\/lentokentta-infokartta-450x320.png 450w, https:\/\/www.rayskala.fi\/files\/sites\/9\/lentokentta-infokartta-1000x710.png 1000w, https:\/\/www.rayskala.fi\/files\/sites\/9\/lentokentta-infokartta-150x107.png 150w, https:\/\/www.rayskala.fi\/files\/sites\/9\/lentokentta-infokartta-768x545.png 768w, https:\/\/www.rayskala.fi\/files\/sites\/9\/lentokentta-infokartta.png 1187w\" sizes=\"(max-width: 450px) 100vw, 450px\" \/><\/a>\n\t\t\t<\/div><\/figure><figure class='gallery-item'>\n\t\t\t<div class='gallery-icon landscape'>\n\t\t\t\t<a href='https:\/\/www.rayskala.fi\/files\/sites\/9\/motellialueen-opaskartta-infomap.jpg'><img decoding=\"async\" width=\"450\" height=\"318\" src=\"https:\/\/www.rayskala.fi\/files\/sites\/9\/motellialueen-opaskartta-infomap-450x318.jpg\" class=\"attachment-medium size-medium\" alt=\"\" srcset=\"https:\/\/www.rayskala.fi\/files\/sites\/9\/motellialueen-opaskartta-infomap-450x318.jpg 450w, https:\/\/www.rayskala.fi\/files\/sites\/9\/motellialueen-opaskartta-infomap-1000x707.jpg 1000w, https:\/\/www.rayskala.fi\/files\/sites\/9\/motellialueen-opaskartta-infomap-150x106.jpg 150w, https:\/\/www.rayskala.fi\/files\/sites\/9\/motellialueen-opaskartta-infomap-768x543.jpg 768w, https:\/\/www.rayskala.fi\/files\/sites\/9\/motellialueen-opaskartta-infomap.jpg 1190w\" sizes=\"(max-width: 450px) 100vw, 450px\" \/><\/a>\n\t\t\t<\/div><\/figure>\n\t\t<\/div>\n\n","protected":false},"excerpt":{"rendered":"<p>Local info Trailer parking is nearby the racing track in the middle of the airfield, close to the windsock and signal area. Competition office is located in small red &#8220;cottage&#8221; in front of the Hangar I. We have several wifi networks, the ones which are starting &#8220;EFRY-public&#8221; has the same password: EFRYwifi More general info [&hellip;]<\/p>\n","protected":false},"author":7,"featured_media":0,"parent":0,"menu_order":150,"comment_status":"closed","ping_status":"closed","template":"","meta":{"footnotes":""},"class_list":["post-1102","page","type-page","status-publish","hentry","wpbf-post"],"yoast_head":"<!-- This site is optimized with the Yoast SEO plugin v27.4 - https:\/\/yoast.com\/product\/yoast-seo-wordpress\/ -->\n<title>Local info\/Tietoa alueesta &#060; R\u00e4ysk\u00e4l\u00e4 Masters<\/title>\n<meta name=\"robots\" content=\"index, follow, max-snippet:-1, max-image-preview:large, max-video-preview:-1\" \/>\n<link rel=\"canonical\" href=\"https:\/\/www.rayskala.fi\/masters\/info\/\" \/>\n<meta property=\"og:locale\" content=\"en_GB\" \/>\n<meta property=\"og:type\" content=\"article\" \/>\n<meta property=\"og:title\" content=\"Local info\/Tietoa alueesta &#060; R\u00e4ysk\u00e4l\u00e4 Masters\" \/>\n<meta property=\"og:description\" content=\"Local info Trailer parking is nearby the racing track in the middle of the airfield, close to the windsock and signal area. Competition office is located in small red &#8220;cottage&#8221; in front of the Hangar I. We have several wifi networks, the ones which are starting &#8220;EFRY-public&#8221; has the same password: EFRYwifi More general info [&hellip;]\" \/>\n<meta property=\"og:url\" content=\"https:\/\/www.rayskala.fi\/masters\/info\/\" \/>\n<meta property=\"og:site_name\" content=\"R\u00e4ysk\u00e4l\u00e4 Masters\" \/>\n<meta property=\"article:publisher\" content=\"https:\/\/www.facebook.com\/rayskalamasters\" \/>\n<meta property=\"article:modified_time\" content=\"2025-05-24T15:30:35+00:00\" \/>\n<meta property=\"og:image\" content=\"https:\/\/www.rayskala.fi\/files\/sites\/9\/lentokentta-infokartta-450x320.png\" \/>\n<meta name=\"twitter:card\" content=\"summary_large_image\" \/>\n<meta name=\"twitter:label1\" content=\"Estimated reading time\" \/>\n\t<meta name=\"twitter:data1\" content=\"1 minute\" \/>\n<script type=\"application\/ld+json\" class=\"yoast-schema-graph\">{\"@context\":\"https:\\\/\\\/schema.org\",\"@graph\":[{\"@type\":\"WebPage\",\"@id\":\"https:\\\/\\\/www.rayskala.fi\\\/masters\\\/info\\\/\",\"url\":\"https:\\\/\\\/www.rayskala.fi\\\/masters\\\/info\\\/\",\"name\":\"Local info\\\/Tietoa alueesta &#060; R\u00e4ysk\u00e4l\u00e4 Masters\",\"isPartOf\":{\"@id\":\"https:\\\/\\\/www.rayskala.fi\\\/masters\\\/#website\"},\"datePublished\":\"2023-06-05T08:30:41+00:00\",\"dateModified\":\"2025-05-24T15:30:35+00:00\",\"breadcrumb\":{\"@id\":\"https:\\\/\\\/www.rayskala.fi\\\/masters\\\/info\\\/#breadcrumb\"},\"inLanguage\":\"en-GB\",\"potentialAction\":[{\"@type\":\"ReadAction\",\"target\":[\"https:\\\/\\\/www.rayskala.fi\\\/masters\\\/info\\\/\"]}]},{\"@type\":\"BreadcrumbList\",\"@id\":\"https:\\\/\\\/www.rayskala.fi\\\/masters\\\/info\\\/#breadcrumb\",\"itemListElement\":[{\"@type\":\"ListItem\",\"position\":1,\"name\":\"Home\",\"item\":\"https:\\\/\\\/www.rayskala.fi\\\/masters\\\/\"},{\"@type\":\"ListItem\",\"position\":2,\"name\":\"Local info\\\/Tietoa alueesta\"}]},{\"@type\":\"WebSite\",\"@id\":\"https:\\\/\\\/www.rayskala.fi\\\/masters\\\/#website\",\"url\":\"https:\\\/\\\/www.rayskala.fi\\\/masters\\\/\",\"name\":\"R\u00e4ysk\u00e4l\u00e4 Masters\",\"description\":\"Next generation gliding competition\",\"publisher\":{\"@id\":\"https:\\\/\\\/www.rayskala.fi\\\/masters\\\/#organization\"},\"potentialAction\":[{\"@type\":\"SearchAction\",\"target\":{\"@type\":\"EntryPoint\",\"urlTemplate\":\"https:\\\/\\\/www.rayskala.fi\\\/masters\\\/?s={search_term_string}\"},\"query-input\":{\"@type\":\"PropertyValueSpecification\",\"valueRequired\":true,\"valueName\":\"search_term_string\"}}],\"inLanguage\":\"en-GB\"},{\"@type\":\"Organization\",\"@id\":\"https:\\\/\\\/www.rayskala.fi\\\/masters\\\/#organization\",\"name\":\"R\u00e4ysk\u00e4l\u00e4 Masters\",\"url\":\"https:\\\/\\\/www.rayskala.fi\\\/masters\\\/\",\"logo\":{\"@type\":\"ImageObject\",\"inLanguage\":\"en-GB\",\"@id\":\"https:\\\/\\\/www.rayskala.fi\\\/masters\\\/#\\\/schema\\\/logo\\\/image\\\/\",\"url\":\"https:\\\/\\\/www.rayskala.fi\\\/files\\\/sites\\\/9\\\/rayskalamasters2018_square_big.png\",\"contentUrl\":\"https:\\\/\\\/www.rayskala.fi\\\/files\\\/sites\\\/9\\\/rayskalamasters2018_square_big.png\",\"width\":1041,\"height\":1077,\"caption\":\"R\u00e4ysk\u00e4l\u00e4 Masters\"},\"image\":{\"@id\":\"https:\\\/\\\/www.rayskala.fi\\\/masters\\\/#\\\/schema\\\/logo\\\/image\\\/\"},\"sameAs\":[\"https:\\\/\\\/www.facebook.com\\\/rayskalamasters\"]}]}<\/script>\n<!-- \/ Yoast SEO plugin. -->","yoast_head_json":{"title":"Local info\/Tietoa alueesta &#060; R\u00e4ysk\u00e4l\u00e4 Masters","robots":{"index":"index","follow":"follow","max-snippet":"max-snippet:-1","max-image-preview":"max-image-preview:large","max-video-preview":"max-video-preview:-1"},"canonical":"https:\/\/www.rayskala.fi\/masters\/info\/","og_locale":"en_GB","og_type":"article","og_title":"Local info\/Tietoa alueesta &#060; R\u00e4ysk\u00e4l\u00e4 Masters","og_description":"Local info Trailer parking is nearby the racing track in the middle of the airfield, close to the windsock and signal area. Competition office is located in small red &#8220;cottage&#8221; in front of the Hangar I. We have several wifi networks, the ones which are starting &#8220;EFRY-public&#8221; has the same password: EFRYwifi More general info [&hellip;]","og_url":"https:\/\/www.rayskala.fi\/masters\/info\/","og_site_name":"R\u00e4ysk\u00e4l\u00e4 Masters","article_publisher":"https:\/\/www.facebook.com\/rayskalamasters","article_modified_time":"2025-05-24T15:30:35+00:00","og_image":[{"url":"https:\/\/www.rayskala.fi\/files\/sites\/9\/lentokentta-infokartta-450x320.png","type":"","width":"","height":""}],"twitter_card":"summary_large_image","twitter_misc":{"Estimated reading time":"1 minute"},"schema":{"@context":"https:\/\/schema.org","@graph":[{"@type":"WebPage","@id":"https:\/\/www.rayskala.fi\/masters\/info\/","url":"https:\/\/www.rayskala.fi\/masters\/info\/","name":"Local info\/Tietoa alueesta &#060; R\u00e4ysk\u00e4l\u00e4 Masters","isPartOf":{"@id":"https:\/\/www.rayskala.fi\/masters\/#website"},"datePublished":"2023-06-05T08:30:41+00:00","dateModified":"2025-05-24T15:30:35+00:00","breadcrumb":{"@id":"https:\/\/www.rayskala.fi\/masters\/info\/#breadcrumb"},"inLanguage":"en-GB","potentialAction":[{"@type":"ReadAction","target":["https:\/\/www.rayskala.fi\/masters\/info\/"]}]},{"@type":"BreadcrumbList","@id":"https:\/\/www.rayskala.fi\/masters\/info\/#breadcrumb","itemListElement":[{"@type":"ListItem","position":1,"name":"Home","item":"https:\/\/www.rayskala.fi\/masters\/"},{"@type":"ListItem","position":2,"name":"Local info\/Tietoa alueesta"}]},{"@type":"WebSite","@id":"https:\/\/www.rayskala.fi\/masters\/#website","url":"https:\/\/www.rayskala.fi\/masters\/","name":"R\u00e4ysk\u00e4l\u00e4 Masters","description":"Next generation gliding competition","publisher":{"@id":"https:\/\/www.rayskala.fi\/masters\/#organization"},"potentialAction":[{"@type":"SearchAction","target":{"@type":"EntryPoint","urlTemplate":"https:\/\/www.rayskala.fi\/masters\/?s={search_term_string}"},"query-input":{"@type":"PropertyValueSpecification","valueRequired":true,"valueName":"search_term_string"}}],"inLanguage":"en-GB"},{"@type":"Organization","@id":"https:\/\/www.rayskala.fi\/masters\/#organization","name":"R\u00e4ysk\u00e4l\u00e4 Masters","url":"https:\/\/www.rayskala.fi\/masters\/","logo":{"@type":"ImageObject","inLanguage":"en-GB","@id":"https:\/\/www.rayskala.fi\/masters\/#\/schema\/logo\/image\/","url":"https:\/\/www.rayskala.fi\/files\/sites\/9\/rayskalamasters2018_square_big.png","contentUrl":"https:\/\/www.rayskala.fi\/files\/sites\/9\/rayskalamasters2018_square_big.png","width":1041,"height":1077,"caption":"R\u00e4ysk\u00e4l\u00e4 Masters"},"image":{"@id":"https:\/\/www.rayskala.fi\/masters\/#\/schema\/logo\/image\/"},"sameAs":["https:\/\/www.facebook.com\/rayskalamasters"]}]}},"publishpress_future_action":{"enabled":false,"date":"2026-04-23 19:23:40","action":"change-status","newStatus":"draft","terms":[],"taxonomy":"","extraData":[]},"publishpress_future_workflow_manual_trigger":{"enabledWorkflows":[]},"_links":{"self":[{"href":"https:\/\/www.rayskala.fi\/masters\/wp-json\/wp\/v2\/pages\/1102","targetHints":{"allow":["GET"]}}],"collection":[{"href":"https:\/\/www.rayskala.fi\/masters\/wp-json\/wp\/v2\/pages"}],"about":[{"href":"https:\/\/www.rayskala.fi\/masters\/wp-json\/wp\/v2\/types\/page"}],"author":[{"embeddable":true,"href":"https:\/\/www.rayskala.fi\/masters\/wp-json\/wp\/v2\/users\/7"}],"replies":[{"embeddable":true,"href":"https:\/\/www.rayskala.fi\/masters\/wp-json\/wp\/v2\/comments?post=1102"}],"version-history":[{"count":7,"href":"https:\/\/www.rayskala.fi\/masters\/wp-json\/wp\/v2\/pages\/1102\/revisions"}],"predecessor-version":[{"id":1625,"href":"https:\/\/www.rayskala.fi\/masters\/wp-json\/wp\/v2\/pages\/1102\/revisions\/1625"}],"wp:attachment":[{"href":"https:\/\/www.rayskala.fi\/masters\/wp-json\/wp\/v2\/media?parent=1102"}],"curies":[{"name":"wp","href":"https:\/\/api.w.org\/{rel}","templated":true}]}}