{"id":41,"date":"2020-07-07T08:17:00","date_gmt":"2020-07-07T08:17:00","guid":{"rendered":"https:\/\/www.rayskala.fi\/maaliinlaskukisat\/?page_id=41"},"modified":"2024-08-19T11:54:28","modified_gmt":"2024-08-19T11:54:28","slug":"tulokset","status":"publish","type":"page","link":"https:\/\/www.rayskala.fi\/maaliinlaskukisat\/tulokset\/","title":{"rendered":"Tulokset"},"content":{"rendered":"<h1>Tulokset<\/h1>\n<p>&nbsp;<\/p>\n","protected":false},"excerpt":{"rendered":"<p>Tulokset &nbsp;<\/p>\n","protected":false},"author":7,"featured_media":4,"parent":0,"menu_order":150,"comment_status":"closed","ping_status":"closed","template":"","meta":{"footnotes":""},"class_list":["post-41","page","type-page","status-publish","has-post-thumbnail","hentry","entry","has-media"],"yoast_head":"<!-- This site is optimized with the Yoast SEO plugin v27.3 - https:\/\/yoast.com\/product\/yoast-seo-wordpress\/ -->\n<title>Tulokset - Maaliinlaskun SM-kilpailut<\/title>\n<meta name=\"robots\" content=\"index, follow, max-snippet:-1, max-image-preview:large, max-video-preview:-1\" \/>\n<link rel=\"canonical\" href=\"https:\/\/www.rayskala.fi\/maaliinlaskukisat\/tulokset\/\" \/>\n<meta property=\"og:locale\" content=\"fi_FI\" \/>\n<meta property=\"og:type\" content=\"article\" \/>\n<meta property=\"og:title\" content=\"Tulokset - Maaliinlaskun SM-kilpailut\" \/>\n<meta property=\"og:description\" content=\"Tulokset &nbsp;\" \/>\n<meta property=\"og:url\" content=\"https:\/\/www.rayskala.fi\/maaliinlaskukisat\/tulokset\/\" \/>\n<meta property=\"og:site_name\" content=\"Maaliinlaskun SM-kilpailut\" \/>\n<meta property=\"article:modified_time\" content=\"2024-08-19T11:54:28+00:00\" \/>\n<meta property=\"og:image\" content=\"https:\/\/www.rayskala.fi\/files\/sites\/11\/maaliinlasku_logo.png\" \/>\n\t<meta property=\"og:image:width\" content=\"512\" \/>\n\t<meta property=\"og:image:height\" content=\"512\" \/>\n\t<meta property=\"og:image:type\" content=\"image\/png\" \/>\n<meta name=\"twitter:card\" content=\"summary_large_image\" \/>\n<script type=\"application\/ld+json\" class=\"yoast-schema-graph\">{\"@context\":\"https:\\\/\\\/schema.org\",\"@graph\":[{\"@type\":\"WebPage\",\"@id\":\"https:\\\/\\\/www.rayskala.fi\\\/maaliinlaskukisat\\\/tulokset\\\/\",\"url\":\"https:\\\/\\\/www.rayskala.fi\\\/maaliinlaskukisat\\\/tulokset\\\/\",\"name\":\"Tulokset - Maaliinlaskun SM-kilpailut\",\"isPartOf\":{\"@id\":\"https:\\\/\\\/www.rayskala.fi\\\/maaliinlaskukisat\\\/#website\"},\"primaryImageOfPage\":{\"@id\":\"https:\\\/\\\/www.rayskala.fi\\\/maaliinlaskukisat\\\/tulokset\\\/#primaryimage\"},\"image\":{\"@id\":\"https:\\\/\\\/www.rayskala.fi\\\/maaliinlaskukisat\\\/tulokset\\\/#primaryimage\"},\"thumbnailUrl\":\"https:\\\/\\\/www.rayskala.fi\\\/files\\\/sites\\\/11\\\/maaliinlasku_logo.png\",\"datePublished\":\"2020-07-07T08:17:00+00:00\",\"dateModified\":\"2024-08-19T11:54:28+00:00\",\"breadcrumb\":{\"@id\":\"https:\\\/\\\/www.rayskala.fi\\\/maaliinlaskukisat\\\/tulokset\\\/#breadcrumb\"},\"inLanguage\":\"fi\",\"potentialAction\":[{\"@type\":\"ReadAction\",\"target\":[\"https:\\\/\\\/www.rayskala.fi\\\/maaliinlaskukisat\\\/tulokset\\\/\"]}]},{\"@type\":\"ImageObject\",\"inLanguage\":\"fi\",\"@id\":\"https:\\\/\\\/www.rayskala.fi\\\/maaliinlaskukisat\\\/tulokset\\\/#primaryimage\",\"url\":\"https:\\\/\\\/www.rayskala.fi\\\/files\\\/sites\\\/11\\\/maaliinlasku_logo.png\",\"contentUrl\":\"https:\\\/\\\/www.rayskala.fi\\\/files\\\/sites\\\/11\\\/maaliinlasku_logo.png\",\"width\":512,\"height\":512},{\"@type\":\"BreadcrumbList\",\"@id\":\"https:\\\/\\\/www.rayskala.fi\\\/maaliinlaskukisat\\\/tulokset\\\/#breadcrumb\",\"itemListElement\":[{\"@type\":\"ListItem\",\"position\":1,\"name\":\"Etusivu\",\"item\":\"https:\\\/\\\/www.rayskala.fi\\\/maaliinlaskukisat\\\/\"},{\"@type\":\"ListItem\",\"position\":2,\"name\":\"Tulokset\"}]},{\"@type\":\"WebSite\",\"@id\":\"https:\\\/\\\/www.rayskala.fi\\\/maaliinlaskukisat\\\/#website\",\"url\":\"https:\\\/\\\/www.rayskala.fi\\\/maaliinlaskukisat\\\/\",\"name\":\"Maaliinlaskun SM-kilpailut\",\"description\":\"Purjelennon maaliinlaskun SM-kilpailut R\u00e4ysk\u00e4l\u00e4ss\u00e4\",\"potentialAction\":[{\"@type\":\"SearchAction\",\"target\":{\"@type\":\"EntryPoint\",\"urlTemplate\":\"https:\\\/\\\/www.rayskala.fi\\\/maaliinlaskukisat\\\/?s={search_term_string}\"},\"query-input\":{\"@type\":\"PropertyValueSpecification\",\"valueRequired\":true,\"valueName\":\"search_term_string\"}}],\"inLanguage\":\"fi\"}]}<\/script>\n<!-- \/ Yoast SEO plugin. -->","yoast_head_json":{"title":"Tulokset - Maaliinlaskun SM-kilpailut","robots":{"index":"index","follow":"follow","max-snippet":"max-snippet:-1","max-image-preview":"max-image-preview:large","max-video-preview":"max-video-preview:-1"},"canonical":"https:\/\/www.rayskala.fi\/maaliinlaskukisat\/tulokset\/","og_locale":"fi_FI","og_type":"article","og_title":"Tulokset - Maaliinlaskun SM-kilpailut","og_description":"Tulokset &nbsp;","og_url":"https:\/\/www.rayskala.fi\/maaliinlaskukisat\/tulokset\/","og_site_name":"Maaliinlaskun SM-kilpailut","article_modified_time":"2024-08-19T11:54:28+00:00","og_image":[{"width":512,"height":512,"url":"https:\/\/www.rayskala.fi\/files\/sites\/11\/maaliinlasku_logo.png","type":"image\/png"}],"twitter_card":"summary_large_image","schema":{"@context":"https:\/\/schema.org","@graph":[{"@type":"WebPage","@id":"https:\/\/www.rayskala.fi\/maaliinlaskukisat\/tulokset\/","url":"https:\/\/www.rayskala.fi\/maaliinlaskukisat\/tulokset\/","name":"Tulokset - Maaliinlaskun SM-kilpailut","isPartOf":{"@id":"https:\/\/www.rayskala.fi\/maaliinlaskukisat\/#website"},"primaryImageOfPage":{"@id":"https:\/\/www.rayskala.fi\/maaliinlaskukisat\/tulokset\/#primaryimage"},"image":{"@id":"https:\/\/www.rayskala.fi\/maaliinlaskukisat\/tulokset\/#primaryimage"},"thumbnailUrl":"https:\/\/www.rayskala.fi\/files\/sites\/11\/maaliinlasku_logo.png","datePublished":"2020-07-07T08:17:00+00:00","dateModified":"2024-08-19T11:54:28+00:00","breadcrumb":{"@id":"https:\/\/www.rayskala.fi\/maaliinlaskukisat\/tulokset\/#breadcrumb"},"inLanguage":"fi","potentialAction":[{"@type":"ReadAction","target":["https:\/\/www.rayskala.fi\/maaliinlaskukisat\/tulokset\/"]}]},{"@type":"ImageObject","inLanguage":"fi","@id":"https:\/\/www.rayskala.fi\/maaliinlaskukisat\/tulokset\/#primaryimage","url":"https:\/\/www.rayskala.fi\/files\/sites\/11\/maaliinlasku_logo.png","contentUrl":"https:\/\/www.rayskala.fi\/files\/sites\/11\/maaliinlasku_logo.png","width":512,"height":512},{"@type":"BreadcrumbList","@id":"https:\/\/www.rayskala.fi\/maaliinlaskukisat\/tulokset\/#breadcrumb","itemListElement":[{"@type":"ListItem","position":1,"name":"Etusivu","item":"https:\/\/www.rayskala.fi\/maaliinlaskukisat\/"},{"@type":"ListItem","position":2,"name":"Tulokset"}]},{"@type":"WebSite","@id":"https:\/\/www.rayskala.fi\/maaliinlaskukisat\/#website","url":"https:\/\/www.rayskala.fi\/maaliinlaskukisat\/","name":"Maaliinlaskun SM-kilpailut","description":"Purjelennon maaliinlaskun SM-kilpailut R\u00e4ysk\u00e4l\u00e4ss\u00e4","potentialAction":[{"@type":"SearchAction","target":{"@type":"EntryPoint","urlTemplate":"https:\/\/www.rayskala.fi\/maaliinlaskukisat\/?s={search_term_string}"},"query-input":{"@type":"PropertyValueSpecification","valueRequired":true,"valueName":"search_term_string"}}],"inLanguage":"fi"}]}},"publishpress_future_action":{"enabled":false,"date":"2026-04-15 06:55:23","action":"change-status","newStatus":"draft","terms":[],"taxonomy":"","extraData":[]},"publishpress_future_workflow_manual_trigger":{"enabledWorkflows":[]},"_links":{"self":[{"href":"https:\/\/www.rayskala.fi\/maaliinlaskukisat\/wp-json\/wp\/v2\/pages\/41","targetHints":{"allow":["GET"]}}],"collection":[{"href":"https:\/\/www.rayskala.fi\/maaliinlaskukisat\/wp-json\/wp\/v2\/pages"}],"about":[{"href":"https:\/\/www.rayskala.fi\/maaliinlaskukisat\/wp-json\/wp\/v2\/types\/page"}],"author":[{"embeddable":true,"href":"https:\/\/www.rayskala.fi\/maaliinlaskukisat\/wp-json\/wp\/v2\/users\/7"}],"replies":[{"embeddable":true,"href":"https:\/\/www.rayskala.fi\/maaliinlaskukisat\/wp-json\/wp\/v2\/comments?post=41"}],"version-history":[{"count":8,"href":"https:\/\/www.rayskala.fi\/maaliinlaskukisat\/wp-json\/wp\/v2\/pages\/41\/revisions"}],"predecessor-version":[{"id":159,"href":"https:\/\/www.rayskala.fi\/maaliinlaskukisat\/wp-json\/wp\/v2\/pages\/41\/revisions\/159"}],"wp:featuredmedia":[{"embeddable":true,"href":"https:\/\/www.rayskala.fi\/maaliinlaskukisat\/wp-json\/wp\/v2\/media\/4"}],"wp:attachment":[{"href":"https:\/\/www.rayskala.fi\/maaliinlaskukisat\/wp-json\/wp\/v2\/media?parent=41"}],"curies":[{"name":"wp","href":"https:\/\/api.w.org\/{rel}","templated":true}]}}