{"id":11,"date":"2020-07-07T07:08:00","date_gmt":"2020-07-07T07:08:00","guid":{"rendered":"https:\/\/www.rayskala.fi\/maaliinlaskukisat\/?page_id=11"},"modified":"2024-09-13T16:57:24","modified_gmt":"2024-09-13T16:57:24","slug":"osallistujat","status":"publish","type":"page","link":"https:\/\/www.rayskala.fi\/maaliinlaskukisat\/osallistujat\/","title":{"rendered":"Osallistujat"},"content":{"rendered":"<h1>Osallistujat<\/h1>\n<p>30.Purjelennon Maaliinlaskun SM<\/p>\n<p>Ilmoittautuneet 13.9.2024<\/p>\n<p>30.Purjelennon Maaliinlaskun SM<\/p>\n<p>1. Sauli Salmela, Sodankyl\u00e4n Ilmailukerho ry<br \/>\n2. Riku Rissanen, R\u00e4ysk\u00e4l\u00e4n Ilmailukerho ry<br \/>\n3. Matti Ker\u00e4nen, Kouvolan Seudun Ilmailuyhdistys ry<br \/>\n4. Pekka Ikonen, Imatran Ilmailukerho ry<br \/>\n5. Marko Ter\u00e4v\u00e4, R\u00e4ysk\u00e4l\u00e4n Ilmailukerho ry<br \/>\n6. Kari Hammar\u00e9n, Imatran Ilmailukerho ry<br \/>\n7. Kari Kaarakainen, Imatran Ilmailukerho ry<br \/>\n8. Jari Lyytinen, Polyteknikkojen Ilmailukerho ry<br \/>\n9. Kari Lappalainen, Nuorisoilmailijat ry<br \/>\n10. Antti Taimioja, Kouvolan Seudun Ilmailuyhdistys ry<br \/>\n11. Sakari Py\u00f6rre, R\u00e4ysk\u00e4l\u00e4n Ilmailukerho ry<br \/>\n12. Hannu Halonen, Hyvink\u00e4\u00e4n Ilmailukerho ry<br \/>\n13. Mika Mutru, R\u00e4ysk\u00e4l\u00e4n Ilmailukerho ry<br \/>\n14. Juuso Sipil\u00e4, Hyvink\u00e4\u00e4n Ilmailukerho ry<br \/>\n15. Martta Kangasniemi, R\u00e4ysk\u00e4l\u00e4n Ilmailukerho ry<br \/>\n16. Martti Sucksdorff, R\u00e4ysk\u00e4l\u00e4n Ilmailukerho ry<br \/>\n17. Jukka Munde, Nuorisoilmailijat ry<br \/>\n18. Tapio Tourula, Nuorisoilmailijat ry<br \/>\n19. Kimmo Tihula, Kouvolan Seudun Ilmailuyhdistys ry<br \/>\n20. Markku V\u00e4is\u00e4nen, Ilmailuyhdistys Kutonen ry<br \/>\n21. Nuutti Luukkonen, Hyvink\u00e4\u00e4n Ilmailukerho ry<br \/>\n22. Sara Salonen, Hyvink\u00e4\u00e4n Ilmailukerho ry<br \/>\n23. Kim Toppari, Hyvink\u00e4\u00e4n Ilmailukerho ry<br \/>\n24. Tomi Ylinen, R\u00e4ysk\u00e4l\u00e4n Ilmailukerho ry<br \/>\n25. Toivo Wiikari, Hyvink\u00e4\u00e4n Ilmailukerho ry<\/p>\n<p style=\"text-align: left\">\n","protected":false},"excerpt":{"rendered":"<p>Osallistujat 30.Purjelennon Maaliinlaskun SM Ilmoittautuneet 13.9.2024 30.Purjelennon Maaliinlaskun SM 1. Sauli Salmela, Sodankyl\u00e4n Ilmailukerho ry 2. Riku Rissanen, R\u00e4ysk\u00e4l\u00e4n Ilmailukerho ry 3. Matti Ker\u00e4nen, Kouvolan Seudun Ilmailuyhdistys ry 4. Pekka Ikonen, Imatran Ilmailukerho ry 5. Marko Ter\u00e4v\u00e4, R\u00e4ysk\u00e4l\u00e4n Ilmailukerho ry 6. Kari Hammar\u00e9n, Imatran Ilmailukerho ry 7. Kari Kaarakainen, Imatran Ilmailukerho ry 8. Jari Lyytinen, [&hellip;]<\/p>\n","protected":false},"author":7,"featured_media":0,"parent":0,"menu_order":50,"comment_status":"closed","ping_status":"closed","template":"","meta":{"footnotes":""},"class_list":["post-11","page","type-page","status-publish","hentry","entry"],"yoast_head":"<!-- This site is optimized with the Yoast SEO plugin v27.3 - https:\/\/yoast.com\/product\/yoast-seo-wordpress\/ -->\n<title>Osallistujat - Maaliinlaskun SM-kilpailut<\/title>\n<meta name=\"robots\" content=\"index, follow, max-snippet:-1, max-image-preview:large, max-video-preview:-1\" \/>\n<link rel=\"canonical\" href=\"https:\/\/www.rayskala.fi\/maaliinlaskukisat\/osallistujat\/\" \/>\n<meta property=\"og:locale\" content=\"fi_FI\" \/>\n<meta property=\"og:type\" content=\"article\" \/>\n<meta property=\"og:title\" content=\"Osallistujat - Maaliinlaskun SM-kilpailut\" \/>\n<meta property=\"og:description\" content=\"Osallistujat 30.Purjelennon Maaliinlaskun SM Ilmoittautuneet 13.9.2024 30.Purjelennon Maaliinlaskun SM 1. Sauli Salmela, Sodankyl\u00e4n Ilmailukerho ry 2. Riku Rissanen, R\u00e4ysk\u00e4l\u00e4n Ilmailukerho ry 3. Matti Ker\u00e4nen, Kouvolan Seudun Ilmailuyhdistys ry 4. Pekka Ikonen, Imatran Ilmailukerho ry 5. Marko Ter\u00e4v\u00e4, R\u00e4ysk\u00e4l\u00e4n Ilmailukerho ry 6. Kari Hammar\u00e9n, Imatran Ilmailukerho ry 7. Kari Kaarakainen, Imatran Ilmailukerho ry 8. Jari Lyytinen, [&hellip;]\" \/>\n<meta property=\"og:url\" content=\"https:\/\/www.rayskala.fi\/maaliinlaskukisat\/osallistujat\/\" \/>\n<meta property=\"og:site_name\" content=\"Maaliinlaskun SM-kilpailut\" \/>\n<meta property=\"article:modified_time\" content=\"2024-09-13T16:57:24+00:00\" \/>\n<meta name=\"twitter:card\" content=\"summary_large_image\" \/>\n<meta name=\"twitter:label1\" content=\"Arvioitu lukuaika\" \/>\n\t<meta name=\"twitter:data1\" content=\"1 minuutti\" \/>\n<script type=\"application\/ld+json\" class=\"yoast-schema-graph\">{\"@context\":\"https:\\\/\\\/schema.org\",\"@graph\":[{\"@type\":\"WebPage\",\"@id\":\"https:\\\/\\\/www.rayskala.fi\\\/maaliinlaskukisat\\\/osallistujat\\\/\",\"url\":\"https:\\\/\\\/www.rayskala.fi\\\/maaliinlaskukisat\\\/osallistujat\\\/\",\"name\":\"Osallistujat - Maaliinlaskun SM-kilpailut\",\"isPartOf\":{\"@id\":\"https:\\\/\\\/www.rayskala.fi\\\/maaliinlaskukisat\\\/#website\"},\"datePublished\":\"2020-07-07T07:08:00+00:00\",\"dateModified\":\"2024-09-13T16:57:24+00:00\",\"breadcrumb\":{\"@id\":\"https:\\\/\\\/www.rayskala.fi\\\/maaliinlaskukisat\\\/osallistujat\\\/#breadcrumb\"},\"inLanguage\":\"fi\",\"potentialAction\":[{\"@type\":\"ReadAction\",\"target\":[\"https:\\\/\\\/www.rayskala.fi\\\/maaliinlaskukisat\\\/osallistujat\\\/\"]}]},{\"@type\":\"BreadcrumbList\",\"@id\":\"https:\\\/\\\/www.rayskala.fi\\\/maaliinlaskukisat\\\/osallistujat\\\/#breadcrumb\",\"itemListElement\":[{\"@type\":\"ListItem\",\"position\":1,\"name\":\"Etusivu\",\"item\":\"https:\\\/\\\/www.rayskala.fi\\\/maaliinlaskukisat\\\/\"},{\"@type\":\"ListItem\",\"position\":2,\"name\":\"Osallistujat\"}]},{\"@type\":\"WebSite\",\"@id\":\"https:\\\/\\\/www.rayskala.fi\\\/maaliinlaskukisat\\\/#website\",\"url\":\"https:\\\/\\\/www.rayskala.fi\\\/maaliinlaskukisat\\\/\",\"name\":\"Maaliinlaskun SM-kilpailut\",\"description\":\"Purjelennon maaliinlaskun SM-kilpailut R\u00e4ysk\u00e4l\u00e4ss\u00e4\",\"potentialAction\":[{\"@type\":\"SearchAction\",\"target\":{\"@type\":\"EntryPoint\",\"urlTemplate\":\"https:\\\/\\\/www.rayskala.fi\\\/maaliinlaskukisat\\\/?s={search_term_string}\"},\"query-input\":{\"@type\":\"PropertyValueSpecification\",\"valueRequired\":true,\"valueName\":\"search_term_string\"}}],\"inLanguage\":\"fi\"}]}<\/script>\n<!-- \/ Yoast SEO plugin. -->","yoast_head_json":{"title":"Osallistujat - Maaliinlaskun SM-kilpailut","robots":{"index":"index","follow":"follow","max-snippet":"max-snippet:-1","max-image-preview":"max-image-preview:large","max-video-preview":"max-video-preview:-1"},"canonical":"https:\/\/www.rayskala.fi\/maaliinlaskukisat\/osallistujat\/","og_locale":"fi_FI","og_type":"article","og_title":"Osallistujat - Maaliinlaskun SM-kilpailut","og_description":"Osallistujat 30.Purjelennon Maaliinlaskun SM Ilmoittautuneet 13.9.2024 30.Purjelennon Maaliinlaskun SM 1. Sauli Salmela, Sodankyl\u00e4n Ilmailukerho ry 2. Riku Rissanen, R\u00e4ysk\u00e4l\u00e4n Ilmailukerho ry 3. Matti Ker\u00e4nen, Kouvolan Seudun Ilmailuyhdistys ry 4. Pekka Ikonen, Imatran Ilmailukerho ry 5. Marko Ter\u00e4v\u00e4, R\u00e4ysk\u00e4l\u00e4n Ilmailukerho ry 6. Kari Hammar\u00e9n, Imatran Ilmailukerho ry 7. Kari Kaarakainen, Imatran Ilmailukerho ry 8. Jari Lyytinen, [&hellip;]","og_url":"https:\/\/www.rayskala.fi\/maaliinlaskukisat\/osallistujat\/","og_site_name":"Maaliinlaskun SM-kilpailut","article_modified_time":"2024-09-13T16:57:24+00:00","twitter_card":"summary_large_image","twitter_misc":{"Arvioitu lukuaika":"1 minuutti"},"schema":{"@context":"https:\/\/schema.org","@graph":[{"@type":"WebPage","@id":"https:\/\/www.rayskala.fi\/maaliinlaskukisat\/osallistujat\/","url":"https:\/\/www.rayskala.fi\/maaliinlaskukisat\/osallistujat\/","name":"Osallistujat - Maaliinlaskun SM-kilpailut","isPartOf":{"@id":"https:\/\/www.rayskala.fi\/maaliinlaskukisat\/#website"},"datePublished":"2020-07-07T07:08:00+00:00","dateModified":"2024-09-13T16:57:24+00:00","breadcrumb":{"@id":"https:\/\/www.rayskala.fi\/maaliinlaskukisat\/osallistujat\/#breadcrumb"},"inLanguage":"fi","potentialAction":[{"@type":"ReadAction","target":["https:\/\/www.rayskala.fi\/maaliinlaskukisat\/osallistujat\/"]}]},{"@type":"BreadcrumbList","@id":"https:\/\/www.rayskala.fi\/maaliinlaskukisat\/osallistujat\/#breadcrumb","itemListElement":[{"@type":"ListItem","position":1,"name":"Etusivu","item":"https:\/\/www.rayskala.fi\/maaliinlaskukisat\/"},{"@type":"ListItem","position":2,"name":"Osallistujat"}]},{"@type":"WebSite","@id":"https:\/\/www.rayskala.fi\/maaliinlaskukisat\/#website","url":"https:\/\/www.rayskala.fi\/maaliinlaskukisat\/","name":"Maaliinlaskun SM-kilpailut","description":"Purjelennon maaliinlaskun SM-kilpailut R\u00e4ysk\u00e4l\u00e4ss\u00e4","potentialAction":[{"@type":"SearchAction","target":{"@type":"EntryPoint","urlTemplate":"https:\/\/www.rayskala.fi\/maaliinlaskukisat\/?s={search_term_string}"},"query-input":{"@type":"PropertyValueSpecification","valueRequired":true,"valueName":"search_term_string"}}],"inLanguage":"fi"}]}},"publishpress_future_action":{"enabled":false,"date":"2026-04-17 08:32:15","action":"change-status","newStatus":"draft","terms":[],"taxonomy":"","extraData":[]},"publishpress_future_workflow_manual_trigger":{"enabledWorkflows":[]},"_links":{"self":[{"href":"https:\/\/www.rayskala.fi\/maaliinlaskukisat\/wp-json\/wp\/v2\/pages\/11","targetHints":{"allow":["GET"]}}],"collection":[{"href":"https:\/\/www.rayskala.fi\/maaliinlaskukisat\/wp-json\/wp\/v2\/pages"}],"about":[{"href":"https:\/\/www.rayskala.fi\/maaliinlaskukisat\/wp-json\/wp\/v2\/types\/page"}],"author":[{"embeddable":true,"href":"https:\/\/www.rayskala.fi\/maaliinlaskukisat\/wp-json\/wp\/v2\/users\/7"}],"replies":[{"embeddable":true,"href":"https:\/\/www.rayskala.fi\/maaliinlaskukisat\/wp-json\/wp\/v2\/comments?post=11"}],"version-history":[{"count":55,"href":"https:\/\/www.rayskala.fi\/maaliinlaskukisat\/wp-json\/wp\/v2\/pages\/11\/revisions"}],"predecessor-version":[{"id":193,"href":"https:\/\/www.rayskala.fi\/maaliinlaskukisat\/wp-json\/wp\/v2\/pages\/11\/revisions\/193"}],"wp:attachment":[{"href":"https:\/\/www.rayskala.fi\/maaliinlaskukisat\/wp-json\/wp\/v2\/media?parent=11"}],"curies":[{"name":"wp","href":"https:\/\/api.w.org\/{rel}","templated":true}]}}