{"id":341,"date":"2024-04-17T16:00:20","date_gmt":"2024-04-17T13:00:20","guid":{"rendered":"https:\/\/www.rayskala.fi\/gpkisa\/?page_id=341"},"modified":"2025-02-11T16:25:47","modified_gmt":"2025-02-11T14:25:47","slug":"osallistujat","status":"publish","type":"page","link":"https:\/\/www.rayskala.fi\/gpkisa\/osallistujat\/","title":{"rendered":"Osallistujat"},"content":{"rendered":"<div id=\"entry-list\"><\/div>\n<script>    async function getEntries() {\r\n        let response = await fetch('https:\/\/rayskala-open.nil.fi\/entries-generic.php?comp=EFRY-GP-2025');\r\n        let data = await response.text();\r\n        let target = document.getElementById(\"entry-list\");\r\n        target.innerHTML = data;\r\n    }\r\n\r\n    document.addEventListener(\"DOMContentLoaded\", function(event) {\r\n        getEntries();\r\n    });\r\n<\/script>\n","protected":false},"excerpt":{"rendered":"","protected":false},"author":7,"featured_media":0,"parent":0,"menu_order":50,"comment_status":"closed","ping_status":"closed","template":"","meta":{"footnotes":""},"class_list":["post-341","page","type-page","status-publish","hentry","wpbf-post"],"yoast_head":"<!-- This site is optimized with the Yoast SEO plugin v27.3 - https:\/\/yoast.com\/product\/yoast-seo-wordpress\/ -->\n<title>Osallistujat - GP-kilpailut R\u00e4ysk\u00e4l\u00e4ss\u00e4<\/title>\n<meta name=\"robots\" content=\"index, follow, max-snippet:-1, max-image-preview:large, max-video-preview:-1\" \/>\n<link rel=\"canonical\" href=\"https:\/\/www.rayskala.fi\/gpkisa\/osallistujat\/\" \/>\n<meta property=\"og:locale\" content=\"fi_FI\" \/>\n<meta property=\"og:type\" content=\"article\" \/>\n<meta property=\"og:title\" content=\"Osallistujat - GP-kilpailut R\u00e4ysk\u00e4l\u00e4ss\u00e4\" \/>\n<meta property=\"og:url\" content=\"https:\/\/www.rayskala.fi\/gpkisa\/osallistujat\/\" \/>\n<meta property=\"og:site_name\" content=\"GP-kilpailut R\u00e4ysk\u00e4l\u00e4ss\u00e4\" \/>\n<meta property=\"article:modified_time\" content=\"2025-02-11T14:25:47+00:00\" \/>\n<meta name=\"twitter:card\" content=\"summary_large_image\" \/>\n<script type=\"application\/ld+json\" class=\"yoast-schema-graph\">{\"@context\":\"https:\\\/\\\/schema.org\",\"@graph\":[{\"@type\":\"WebPage\",\"@id\":\"https:\\\/\\\/www.rayskala.fi\\\/gpkisa\\\/osallistujat\\\/\",\"url\":\"https:\\\/\\\/www.rayskala.fi\\\/gpkisa\\\/osallistujat\\\/\",\"name\":\"Osallistujat - GP-kilpailut R\u00e4ysk\u00e4l\u00e4ss\u00e4\",\"isPartOf\":{\"@id\":\"https:\\\/\\\/www.rayskala.fi\\\/gpkisa\\\/#website\"},\"datePublished\":\"2024-04-17T13:00:20+00:00\",\"dateModified\":\"2025-02-11T14:25:47+00:00\",\"breadcrumb\":{\"@id\":\"https:\\\/\\\/www.rayskala.fi\\\/gpkisa\\\/osallistujat\\\/#breadcrumb\"},\"inLanguage\":\"fi\",\"potentialAction\":[{\"@type\":\"ReadAction\",\"target\":[\"https:\\\/\\\/www.rayskala.fi\\\/gpkisa\\\/osallistujat\\\/\"]}]},{\"@type\":\"BreadcrumbList\",\"@id\":\"https:\\\/\\\/www.rayskala.fi\\\/gpkisa\\\/osallistujat\\\/#breadcrumb\",\"itemListElement\":[{\"@type\":\"ListItem\",\"position\":1,\"name\":\"Home\",\"item\":\"https:\\\/\\\/www.rayskala.fi\\\/gpkisa\\\/\"},{\"@type\":\"ListItem\",\"position\":2,\"name\":\"Osallistujat\"}]},{\"@type\":\"WebSite\",\"@id\":\"https:\\\/\\\/www.rayskala.fi\\\/gpkisa\\\/#website\",\"url\":\"https:\\\/\\\/www.rayskala.fi\\\/gpkisa\\\/\",\"name\":\"GP-kilpailut R\u00e4ysk\u00e4l\u00e4ss\u00e4\",\"description\":\"Purjelennon GP-kilpailu\",\"potentialAction\":[{\"@type\":\"SearchAction\",\"target\":{\"@type\":\"EntryPoint\",\"urlTemplate\":\"https:\\\/\\\/www.rayskala.fi\\\/gpkisa\\\/?s={search_term_string}\"},\"query-input\":{\"@type\":\"PropertyValueSpecification\",\"valueRequired\":true,\"valueName\":\"search_term_string\"}}],\"inLanguage\":\"fi\"}]}<\/script>\n<!-- \/ Yoast SEO plugin. -->","yoast_head_json":{"title":"Osallistujat - GP-kilpailut R\u00e4ysk\u00e4l\u00e4ss\u00e4","robots":{"index":"index","follow":"follow","max-snippet":"max-snippet:-1","max-image-preview":"max-image-preview:large","max-video-preview":"max-video-preview:-1"},"canonical":"https:\/\/www.rayskala.fi\/gpkisa\/osallistujat\/","og_locale":"fi_FI","og_type":"article","og_title":"Osallistujat - GP-kilpailut R\u00e4ysk\u00e4l\u00e4ss\u00e4","og_url":"https:\/\/www.rayskala.fi\/gpkisa\/osallistujat\/","og_site_name":"GP-kilpailut R\u00e4ysk\u00e4l\u00e4ss\u00e4","article_modified_time":"2025-02-11T14:25:47+00:00","twitter_card":"summary_large_image","schema":{"@context":"https:\/\/schema.org","@graph":[{"@type":"WebPage","@id":"https:\/\/www.rayskala.fi\/gpkisa\/osallistujat\/","url":"https:\/\/www.rayskala.fi\/gpkisa\/osallistujat\/","name":"Osallistujat - GP-kilpailut R\u00e4ysk\u00e4l\u00e4ss\u00e4","isPartOf":{"@id":"https:\/\/www.rayskala.fi\/gpkisa\/#website"},"datePublished":"2024-04-17T13:00:20+00:00","dateModified":"2025-02-11T14:25:47+00:00","breadcrumb":{"@id":"https:\/\/www.rayskala.fi\/gpkisa\/osallistujat\/#breadcrumb"},"inLanguage":"fi","potentialAction":[{"@type":"ReadAction","target":["https:\/\/www.rayskala.fi\/gpkisa\/osallistujat\/"]}]},{"@type":"BreadcrumbList","@id":"https:\/\/www.rayskala.fi\/gpkisa\/osallistujat\/#breadcrumb","itemListElement":[{"@type":"ListItem","position":1,"name":"Home","item":"https:\/\/www.rayskala.fi\/gpkisa\/"},{"@type":"ListItem","position":2,"name":"Osallistujat"}]},{"@type":"WebSite","@id":"https:\/\/www.rayskala.fi\/gpkisa\/#website","url":"https:\/\/www.rayskala.fi\/gpkisa\/","name":"GP-kilpailut R\u00e4ysk\u00e4l\u00e4ss\u00e4","description":"Purjelennon GP-kilpailu","potentialAction":[{"@type":"SearchAction","target":{"@type":"EntryPoint","urlTemplate":"https:\/\/www.rayskala.fi\/gpkisa\/?s={search_term_string}"},"query-input":{"@type":"PropertyValueSpecification","valueRequired":true,"valueName":"search_term_string"}}],"inLanguage":"fi"}]}},"publishpress_future_action":{"enabled":false,"date":"2026-04-15 05:09:39","action":"change-status","newStatus":"draft","terms":[],"taxonomy":"","extraData":[]},"publishpress_future_workflow_manual_trigger":{"enabledWorkflows":[]},"_links":{"self":[{"href":"https:\/\/www.rayskala.fi\/gpkisa\/wp-json\/wp\/v2\/pages\/341","targetHints":{"allow":["GET"]}}],"collection":[{"href":"https:\/\/www.rayskala.fi\/gpkisa\/wp-json\/wp\/v2\/pages"}],"about":[{"href":"https:\/\/www.rayskala.fi\/gpkisa\/wp-json\/wp\/v2\/types\/page"}],"author":[{"embeddable":true,"href":"https:\/\/www.rayskala.fi\/gpkisa\/wp-json\/wp\/v2\/users\/7"}],"replies":[{"embeddable":true,"href":"https:\/\/www.rayskala.fi\/gpkisa\/wp-json\/wp\/v2\/comments?post=341"}],"version-history":[{"count":7,"href":"https:\/\/www.rayskala.fi\/gpkisa\/wp-json\/wp\/v2\/pages\/341\/revisions"}],"predecessor-version":[{"id":349,"href":"https:\/\/www.rayskala.fi\/gpkisa\/wp-json\/wp\/v2\/pages\/341\/revisions\/349"}],"wp:attachment":[{"href":"https:\/\/www.rayskala.fi\/gpkisa\/wp-json\/wp\/v2\/media?parent=341"}],"curies":[{"name":"wp","href":"https:\/\/api.w.org\/{rel}","templated":true}]}}