{"id":322,"date":"2024-04-15T16:44:39","date_gmt":"2024-04-15T13:44:39","guid":{"rendered":"https:\/\/www.rayskala.fi\/gpkisa\/?page_id=322"},"modified":"2025-02-11T16:00:31","modified_gmt":"2025-02-11T14:00:31","slug":"ilmoittautuminen","status":"publish","type":"page","link":"https:\/\/www.rayskala.fi\/gpkisa\/ilmoittautuminen\/","title":{"rendered":"Ilmoittautuminen"},"content":{"rendered":"<h1>GP-kisa 2025 ilmoittautuminen<\/h1>\n<p>Ilmoittaudun R\u00e4ysk\u00e4l\u00e4ss\u00e4 j\u00e4rjestett\u00e4viin Purjelennon GP-kisaan 2025<\/p>\n<div class=\"container form-container register-form\">\n<h2 class=\"heading-secondary heading-form\">Ilmoittautumislomake<\/h2>\n<form action=\"https:\/\/rayskala-open.nil.fi\/registration-2.php\" enctype=\"multipart\/form-data\" method=\"post\"><input name=\"return-url\" type=\"hidden\" value=\"https:\/\/www.rayskala.fi\/gpkisa\/kiitos-ilmoittautumisesta\/\" \/><br \/>\n<input name=\"comp\" type=\"hidden\" value=\"EFRY-GP-2025\" \/><br \/>\n<input name=\"class\" type=\"hidden\" value=\"GP\" \/><\/p>\n<div class=\"grid-2 form-columns\">\n<div class=\"column\">\n<div class=\"form-entry form-text\"><label class=\"form-entry-label\" for=\"full-name\">Nimesi<\/label><br \/>\n<input name=\"full-name\" required=\"\" type=\"text\" placeholder=\"GP lent\u00e4j\u00e4(t)\" \/><\/div>\n<div class=\"form-entry form-text\"><label class=\"form-entry-label\" for=\"pilot-email\">S\u00e4hk\u00f6postisi<\/label><br \/>\n<input name=\"pilot-email\" required=\"\" type=\"email\" placeholder=\"pilotti@email.net\" \/><\/div>\n<div class=\"form-entry form-text\"><label class=\"form-entry-label\" for=\"pilot-mobile\">Puhelinnumerosi<\/label><br \/>\n<input name=\"pilot-mobile\" required=\"\" type=\"text\" placeholder=\"+35812345678\" \/><\/div>\n<div class=\"form-entry form-text\"><label class=\"form-entry-label\" for=\"pilot-club\">Kerhosi<\/label><br \/>\n<input name=\"pilot-club\" type=\"text\" placeholder=\"GP Kisaajat\" \/><\/div>\n<div class=\"form-entry form-text\"><label class=\"form-entry-label\" for=\"pilot-contact\">Yhteyshenkil\u00f6<\/label><br \/>\n<input id=\"pilot-contact\" name=\"pilot-contact\" required=\"\" type=\"text\" placeholder=\"Yhteyshenkil\u00f6 (esim h\u00e4t\u00e4tilanteissa) Nimi ja puhelinnumero\" \/><\/div>\n<div class=\"form-entry form-textarea\"><label class=\"form-entry-label\" for=\"pilot-additonal\">Lis\u00e4tietoja<\/label><br \/>\n<textarea name=\"pilot-additional\" rows=\"3\" placeholder=\"esim. mahdolliset muut koneella osallistuvat pilotit, avustajan tiedot ymv.\"><\/textarea><\/div>\n<\/div>\n<div class=\"column\">\n<div class=\"form-entry form-text\"><label class=\"form-entry-label\" for=\"glider-cn\">Kilpailutunnuksesi<\/label><br \/>\n<input name=\"glider-cn\" required=\"\" type=\"text\" placeholder=\"\u00d6\u00d6\" \/><\/div>\n<div class=\"form-entry form-text\"><label class=\"form-entry-label\" for=\"glider-reg\">Koneen rekisteritunnus<\/label><br \/>\n<input name=\"glider-reg\" required=\"\" type=\"text\" placeholder=\"OH-0000\" \/><\/div>\n<div class=\"form-entry form-text\"><label class=\"form-entry-label\" for=\"glider-type\">Koneen tyyppi<\/label><br \/>\n<input name=\"glider-type\" required=\"\" type=\"text\" placeholder=\"Mucha std\" \/><\/div>\n<div class=\"form-entry form-text\"><label class=\"form-entry-label\" for=\"glider-span\">K\u00e4rkiv\u00e4li (m)<\/label><br \/>\n<input name=\"glider-span\" required=\"\" type=\"text\" placeholder=\"15\" \/><\/div>\n<div class=\"form-sub-heading\">Lennontallentimet<\/div>\n<div class=\"side-by-side loggers\">\n<div class=\"form-entry form-text\"><label class=\"form-entry-label\" for=\"logger-1\">Ykk\u00f6sloggeri<\/label><br \/>\n<input id=\"logger-1\" name=\"logger-1\" type=\"file\" placeholder=\"\" \/><\/p>\n<div id=\"logger-1-name\" class=\"logger-filename-field\"><\/div>\n<\/div>\n<div class=\"form-entry form-text\"><label class=\"form-entry-label\" for=\"logger-2\">Varaloggeri<\/label><br \/>\n<input id=\"logger-2\" name=\"logger-2\" type=\"file\" placeholder=\"\" \/><\/p>\n<div id=\"logger-2-name\" class=\"logger-filename-field\"><\/div>\n<\/div>\n<\/div>\n<div class=\"form-send-button-container\"><input type=\"submit\" \/><\/div>\n<\/div>\n<\/div>\n<\/form>\n<\/div>\n","protected":false},"excerpt":{"rendered":"<p>GP-kisa 2025 ilmoittautuminen Ilmoittaudun R\u00e4ysk\u00e4l\u00e4ss\u00e4 j\u00e4rjestett\u00e4viin Purjelennon GP-kisaan 2025 Ilmoittautumislomake Nimesi S\u00e4hk\u00f6postisi Puhelinnumerosi Kerhosi Yhteyshenkil\u00f6 Lis\u00e4tietoja Kilpailutunnuksesi Koneen rekisteritunnus Koneen tyyppi K\u00e4rkiv\u00e4li (m) Lennontallentimet Ykk\u00f6sloggeri Varaloggeri<\/p>\n","protected":false},"author":7,"featured_media":0,"parent":0,"menu_order":5,"comment_status":"closed","ping_status":"closed","template":"","meta":{"footnotes":""},"class_list":["post-322","page","type-page","status-publish","hentry","wpbf-post"],"yoast_head":"<!-- This site is optimized with the Yoast SEO plugin v27.3 - https:\/\/yoast.com\/product\/yoast-seo-wordpress\/ -->\n<title>Ilmoittautuminen - GP-kilpailut R\u00e4ysk\u00e4l\u00e4ss\u00e4<\/title>\n<meta name=\"robots\" content=\"index, follow, max-snippet:-1, max-image-preview:large, max-video-preview:-1\" \/>\n<link rel=\"canonical\" href=\"https:\/\/www.rayskala.fi\/gpkisa\/ilmoittautuminen\/\" \/>\n<meta property=\"og:locale\" content=\"fi_FI\" \/>\n<meta property=\"og:type\" content=\"article\" \/>\n<meta property=\"og:title\" content=\"Ilmoittautuminen - GP-kilpailut R\u00e4ysk\u00e4l\u00e4ss\u00e4\" \/>\n<meta property=\"og:description\" content=\"GP-kisa 2025 ilmoittautuminen Ilmoittaudun R\u00e4ysk\u00e4l\u00e4ss\u00e4 j\u00e4rjestett\u00e4viin Purjelennon GP-kisaan 2025 Ilmoittautumislomake Nimesi S\u00e4hk\u00f6postisi Puhelinnumerosi Kerhosi Yhteyshenkil\u00f6 Lis\u00e4tietoja Kilpailutunnuksesi Koneen rekisteritunnus Koneen tyyppi K\u00e4rkiv\u00e4li (m) Lennontallentimet Ykk\u00f6sloggeri Varaloggeri\" \/>\n<meta property=\"og:url\" content=\"https:\/\/www.rayskala.fi\/gpkisa\/ilmoittautuminen\/\" \/>\n<meta property=\"og:site_name\" content=\"GP-kilpailut R\u00e4ysk\u00e4l\u00e4ss\u00e4\" \/>\n<meta property=\"article:modified_time\" content=\"2025-02-11T14:00:31+00:00\" \/>\n<meta name=\"twitter:card\" content=\"summary_large_image\" \/>\n<script type=\"application\/ld+json\" class=\"yoast-schema-graph\">{\"@context\":\"https:\\\/\\\/schema.org\",\"@graph\":[{\"@type\":\"WebPage\",\"@id\":\"https:\\\/\\\/www.rayskala.fi\\\/gpkisa\\\/ilmoittautuminen\\\/\",\"url\":\"https:\\\/\\\/www.rayskala.fi\\\/gpkisa\\\/ilmoittautuminen\\\/\",\"name\":\"Ilmoittautuminen - GP-kilpailut R\u00e4ysk\u00e4l\u00e4ss\u00e4\",\"isPartOf\":{\"@id\":\"https:\\\/\\\/www.rayskala.fi\\\/gpkisa\\\/#website\"},\"datePublished\":\"2024-04-15T13:44:39+00:00\",\"dateModified\":\"2025-02-11T14:00:31+00:00\",\"breadcrumb\":{\"@id\":\"https:\\\/\\\/www.rayskala.fi\\\/gpkisa\\\/ilmoittautuminen\\\/#breadcrumb\"},\"inLanguage\":\"fi\",\"potentialAction\":[{\"@type\":\"ReadAction\",\"target\":[\"https:\\\/\\\/www.rayskala.fi\\\/gpkisa\\\/ilmoittautuminen\\\/\"]}]},{\"@type\":\"BreadcrumbList\",\"@id\":\"https:\\\/\\\/www.rayskala.fi\\\/gpkisa\\\/ilmoittautuminen\\\/#breadcrumb\",\"itemListElement\":[{\"@type\":\"ListItem\",\"position\":1,\"name\":\"Home\",\"item\":\"https:\\\/\\\/www.rayskala.fi\\\/gpkisa\\\/\"},{\"@type\":\"ListItem\",\"position\":2,\"name\":\"Ilmoittautuminen\"}]},{\"@type\":\"WebSite\",\"@id\":\"https:\\\/\\\/www.rayskala.fi\\\/gpkisa\\\/#website\",\"url\":\"https:\\\/\\\/www.rayskala.fi\\\/gpkisa\\\/\",\"name\":\"GP-kilpailut R\u00e4ysk\u00e4l\u00e4ss\u00e4\",\"description\":\"Purjelennon GP-kilpailu\",\"potentialAction\":[{\"@type\":\"SearchAction\",\"target\":{\"@type\":\"EntryPoint\",\"urlTemplate\":\"https:\\\/\\\/www.rayskala.fi\\\/gpkisa\\\/?s={search_term_string}\"},\"query-input\":{\"@type\":\"PropertyValueSpecification\",\"valueRequired\":true,\"valueName\":\"search_term_string\"}}],\"inLanguage\":\"fi\"}]}<\/script>\n<!-- \/ Yoast SEO plugin. -->","yoast_head_json":{"title":"Ilmoittautuminen - GP-kilpailut R\u00e4ysk\u00e4l\u00e4ss\u00e4","robots":{"index":"index","follow":"follow","max-snippet":"max-snippet:-1","max-image-preview":"max-image-preview:large","max-video-preview":"max-video-preview:-1"},"canonical":"https:\/\/www.rayskala.fi\/gpkisa\/ilmoittautuminen\/","og_locale":"fi_FI","og_type":"article","og_title":"Ilmoittautuminen - GP-kilpailut R\u00e4ysk\u00e4l\u00e4ss\u00e4","og_description":"GP-kisa 2025 ilmoittautuminen Ilmoittaudun R\u00e4ysk\u00e4l\u00e4ss\u00e4 j\u00e4rjestett\u00e4viin Purjelennon GP-kisaan 2025 Ilmoittautumislomake Nimesi S\u00e4hk\u00f6postisi Puhelinnumerosi Kerhosi Yhteyshenkil\u00f6 Lis\u00e4tietoja Kilpailutunnuksesi Koneen rekisteritunnus Koneen tyyppi K\u00e4rkiv\u00e4li (m) Lennontallentimet Ykk\u00f6sloggeri Varaloggeri","og_url":"https:\/\/www.rayskala.fi\/gpkisa\/ilmoittautuminen\/","og_site_name":"GP-kilpailut R\u00e4ysk\u00e4l\u00e4ss\u00e4","article_modified_time":"2025-02-11T14:00:31+00:00","twitter_card":"summary_large_image","schema":{"@context":"https:\/\/schema.org","@graph":[{"@type":"WebPage","@id":"https:\/\/www.rayskala.fi\/gpkisa\/ilmoittautuminen\/","url":"https:\/\/www.rayskala.fi\/gpkisa\/ilmoittautuminen\/","name":"Ilmoittautuminen - GP-kilpailut R\u00e4ysk\u00e4l\u00e4ss\u00e4","isPartOf":{"@id":"https:\/\/www.rayskala.fi\/gpkisa\/#website"},"datePublished":"2024-04-15T13:44:39+00:00","dateModified":"2025-02-11T14:00:31+00:00","breadcrumb":{"@id":"https:\/\/www.rayskala.fi\/gpkisa\/ilmoittautuminen\/#breadcrumb"},"inLanguage":"fi","potentialAction":[{"@type":"ReadAction","target":["https:\/\/www.rayskala.fi\/gpkisa\/ilmoittautuminen\/"]}]},{"@type":"BreadcrumbList","@id":"https:\/\/www.rayskala.fi\/gpkisa\/ilmoittautuminen\/#breadcrumb","itemListElement":[{"@type":"ListItem","position":1,"name":"Home","item":"https:\/\/www.rayskala.fi\/gpkisa\/"},{"@type":"ListItem","position":2,"name":"Ilmoittautuminen"}]},{"@type":"WebSite","@id":"https:\/\/www.rayskala.fi\/gpkisa\/#website","url":"https:\/\/www.rayskala.fi\/gpkisa\/","name":"GP-kilpailut R\u00e4ysk\u00e4l\u00e4ss\u00e4","description":"Purjelennon GP-kilpailu","potentialAction":[{"@type":"SearchAction","target":{"@type":"EntryPoint","urlTemplate":"https:\/\/www.rayskala.fi\/gpkisa\/?s={search_term_string}"},"query-input":{"@type":"PropertyValueSpecification","valueRequired":true,"valueName":"search_term_string"}}],"inLanguage":"fi"}]}},"publishpress_future_action":{"enabled":false,"date":"2026-04-15 05:09:30","action":"change-status","newStatus":"draft","terms":[],"taxonomy":"","extraData":[]},"publishpress_future_workflow_manual_trigger":{"enabledWorkflows":[]},"_links":{"self":[{"href":"https:\/\/www.rayskala.fi\/gpkisa\/wp-json\/wp\/v2\/pages\/322","targetHints":{"allow":["GET"]}}],"collection":[{"href":"https:\/\/www.rayskala.fi\/gpkisa\/wp-json\/wp\/v2\/pages"}],"about":[{"href":"https:\/\/www.rayskala.fi\/gpkisa\/wp-json\/wp\/v2\/types\/page"}],"author":[{"embeddable":true,"href":"https:\/\/www.rayskala.fi\/gpkisa\/wp-json\/wp\/v2\/users\/7"}],"replies":[{"embeddable":true,"href":"https:\/\/www.rayskala.fi\/gpkisa\/wp-json\/wp\/v2\/comments?post=322"}],"version-history":[{"count":9,"href":"https:\/\/www.rayskala.fi\/gpkisa\/wp-json\/wp\/v2\/pages\/322\/revisions"}],"predecessor-version":[{"id":362,"href":"https:\/\/www.rayskala.fi\/gpkisa\/wp-json\/wp\/v2\/pages\/322\/revisions\/362"}],"wp:attachment":[{"href":"https:\/\/www.rayskala.fi\/gpkisa\/wp-json\/wp\/v2\/media?parent=322"}],"curies":[{"name":"wp","href":"https:\/\/api.w.org\/{rel}","templated":true}]}}