{"id":2,"date":"2019-04-17T09:17:05","date_gmt":"2019-04-17T09:17:05","guid":{"rendered":"https:\/\/www.rayskala.fi\/gpkisat\/?page_id=2"},"modified":"2025-02-12T20:26:30","modified_gmt":"2025-02-12T18:26:30","slug":"etusivu","status":"publish","type":"page","link":"https:\/\/www.rayskala.fi\/gpkisa\/","title":{"rendered":"Purjelennon GP-kisa R\u00e4ysk\u00e4l\u00e4ss\u00e4"},"content":{"rendered":"<h1>Purjelennon Grand Prix kilpailu 2025<\/h1>\n<p>Purjelennon GP-kilpailu j\u00e4rjestet\u00e4\u00e4n R\u00e4ysk\u00e4l\u00e4ss\u00e4 kolmena viikonloppuna 3.-4.5., 25.-27.7. sek\u00e4 1.-3.8.2025<\/p>\n<p><strong>Ilmoittautuminen: <\/strong><a href=\"https:\/\/www.rayskala.fi\/gpkisa\/ilmoittautuminen\/\">s\u00e4hk\u00f6isell\u00e4 ilmoittautumislomakkeella<\/a><strong><br \/>\nOsallistumismaksu:<\/strong> 10 \u20ac per p\u00e4iv\u00e4, jotka maksetaan 4.8. menness\u00e4 kun on tiedossa, montako p\u00e4iv\u00e4\u00e4 on lent\u00e4nyt.<br \/>\nOsallistumismaksu maksetaan Finnish Gliding Team ry:n tilille FI66 4730 0010 5183 39<\/p>\n<p style=\"font-weight: 400;\">Kilpailijoilta vaaditaan lupakirja ja medikaali, sek\u00e4 v\u00e4hint\u00e4\u00e4n yhden kilpailun kokemus. Hinaukset 500 metriin hoidetaan R\u00e4ysk\u00e4l\u00e4n hinauslipuilla ja normaalien hinausten v\u00e4liss\u00e4.<\/p>\n<p><strong>Kilpailuluokat ja -s\u00e4\u00e4nn\u00f6t<\/strong><br \/>\nKilpailu lennet\u00e4\u00e4n yhdistetyss\u00e4 luokassa, johon hyv\u00e4ksyt\u00e4\u00e4n kaikki kerho-, vakio-, 15m-, 18m-\u00a0ja 20m-luokan koneet.\u00a0Luokkien v\u00e4lisi\u00e4 eroja tasoitetaan k\u00e4\u00e4nnepisteiden kokoa s\u00e4\u00e4t\u00e4m\u00e4ll\u00e4 luokkakohtaisesti. Maksimi siipikuorma on\u00a050 kg\/m\u00b2.\u00a0T\u00e4ydellist\u00e4 tasoitusta t\u00e4ll\u00e4 ei saada mutta tarkoitus on pit\u00e4\u00e4 hauskaa, lent\u00e4\u00e4 kilpaa ja oppia uutta.<\/p>\n<p>Kilpailu lennet\u00e4\u00e4n kansainv\u00e4listen GP-s\u00e4\u00e4nt\u00f6jen mukaisesti, muutamin muutoksin maatoimintaa ja kilpailuj\u00e4rjest\u00e4mist\u00e4 koskien. S\u00e4\u00e4nn\u00f6t l\u00f6ytyv\u00e4t <a href=\"https:\/\/www.fai.org\/igc-documents\" target=\"_blank\" rel=\"noopener\">FAI:n sivuilta<\/a>. Muutoksina mm. hinausten salliminen jo aamup\u00e4iv\u00e4st\u00e4, jos osallistujilla on haluja lent\u00e4\u00e4 muuta lentoa ennen teht\u00e4v\u00e4lle l\u00e4ht\u00f6\u00e4. Maatoiminnassa noudatetaan R\u00e4ysk\u00e4l\u00e4n pysyv\u00e4ism\u00e4\u00e4r\u00e4yksi\u00e4, hinausj\u00e4rjestelyj\u00e4 ja maaliintulokuvioita p\u00e4ivitt\u00e4in ilmoitetulla tavalla soveltaen.<\/p>\n<p style=\"font-weight: 400;\">Kilpailuun voi osallistua my\u00f6s joukkueella, joten pilottia voi vaihtaa vapaasti kisap\u00e4ivien v\u00e4lill\u00e4. Lent\u00e4minen, pisteenlasku ja rangaistukset noudattavat kansainv\u00e4lisi\u00e4 s\u00e4\u00e4nt\u00f6j\u00e4.<\/p>\n<p>Tervetuloa kisoihin!<\/p>\n<p>Kilpailunjohtaja<br \/>\nHannu &#8221;Wille&#8221; Halonen<\/p>\n","protected":false},"excerpt":{"rendered":"<p>Purjelennon Grand Prix kilpailu 2025 Purjelennon GP-kilpailu j\u00e4rjestet\u00e4\u00e4n R\u00e4ysk\u00e4l\u00e4ss\u00e4 kolmena viikonloppuna 3.-4.5., 25.-27.7. sek\u00e4 1.-3.8.2025 Ilmoittautuminen: s\u00e4hk\u00f6isell\u00e4 ilmoittautumislomakkeella Osallistumismaksu: 10 \u20ac per p\u00e4iv\u00e4, jotka maksetaan 4.8. menness\u00e4 kun on tiedossa, montako p\u00e4iv\u00e4\u00e4 on lent\u00e4nyt. Osallistumismaksu maksetaan Finnish Gliding Team ry:n tilille FI66 4730 0010 5183 39 Kilpailijoilta vaaditaan lupakirja ja medikaali, sek\u00e4 v\u00e4hint\u00e4\u00e4n yhden kilpailun [&hellip;]<\/p>\n","protected":false},"author":1,"featured_media":0,"parent":0,"menu_order":0,"comment_status":"closed","ping_status":"closed","template":"","meta":{"footnotes":""},"class_list":["post-2","page","type-page","status-publish","hentry","wpbf-post"],"yoast_head":"<!-- This site is optimized with the Yoast SEO plugin v27.3 - https:\/\/yoast.com\/product\/yoast-seo-wordpress\/ -->\n<title>Purjelennon GP-kisa R\u00e4ysk\u00e4l\u00e4ss\u00e4 - GP-kilpailut R\u00e4ysk\u00e4l\u00e4ss\u00e4<\/title>\n<meta name=\"description\" content=\"Purjelennon GP-kilpailu. Gliding GP in Finland.\" \/>\n<meta name=\"robots\" content=\"index, follow, max-snippet:-1, max-image-preview:large, max-video-preview:-1\" \/>\n<link rel=\"canonical\" href=\"https:\/\/www.rayskala.fi\/gpkisa\/\" \/>\n<meta property=\"og:locale\" content=\"fi_FI\" \/>\n<meta property=\"og:type\" content=\"article\" \/>\n<meta property=\"og:title\" content=\"Purjelennon GP-kisa R\u00e4ysk\u00e4l\u00e4ss\u00e4 - GP-kilpailut R\u00e4ysk\u00e4l\u00e4ss\u00e4\" \/>\n<meta property=\"og:description\" content=\"Purjelennon GP-kilpailu. Gliding GP in Finland.\" \/>\n<meta property=\"og:url\" content=\"https:\/\/www.rayskala.fi\/gpkisa\/\" \/>\n<meta property=\"og:site_name\" content=\"GP-kilpailut R\u00e4ysk\u00e4l\u00e4ss\u00e4\" \/>\n<meta property=\"article:modified_time\" content=\"2025-02-12T18:26:30+00:00\" \/>\n<meta name=\"twitter:card\" content=\"summary_large_image\" \/>\n<meta name=\"twitter:label1\" content=\"Arvioitu lukuaika\" \/>\n\t<meta name=\"twitter:data1\" content=\"2 minuuttia\" \/>\n<script type=\"application\/ld+json\" class=\"yoast-schema-graph\">{\"@context\":\"https:\\\/\\\/schema.org\",\"@graph\":[{\"@type\":\"WebPage\",\"@id\":\"https:\\\/\\\/www.rayskala.fi\\\/gpkisa\\\/\",\"url\":\"https:\\\/\\\/www.rayskala.fi\\\/gpkisa\\\/\",\"name\":\"Purjelennon GP-kisa R\u00e4ysk\u00e4l\u00e4ss\u00e4 - GP-kilpailut R\u00e4ysk\u00e4l\u00e4ss\u00e4\",\"isPartOf\":{\"@id\":\"https:\\\/\\\/www.rayskala.fi\\\/gpkisa\\\/#website\"},\"datePublished\":\"2019-04-17T09:17:05+00:00\",\"dateModified\":\"2025-02-12T18:26:30+00:00\",\"description\":\"Purjelennon GP-kilpailu. Gliding GP in Finland.\",\"breadcrumb\":{\"@id\":\"https:\\\/\\\/www.rayskala.fi\\\/gpkisa\\\/#breadcrumb\"},\"inLanguage\":\"fi\",\"potentialAction\":[{\"@type\":\"ReadAction\",\"target\":[\"https:\\\/\\\/www.rayskala.fi\\\/gpkisa\\\/\"]}]},{\"@type\":\"BreadcrumbList\",\"@id\":\"https:\\\/\\\/www.rayskala.fi\\\/gpkisa\\\/#breadcrumb\",\"itemListElement\":[{\"@type\":\"ListItem\",\"position\":1,\"name\":\"Home\",\"item\":\"https:\\\/\\\/www.rayskala.fi\\\/gpkisa\\\/\"},{\"@type\":\"ListItem\",\"position\":2,\"name\":\"Purjelennon GP-kisa R\u00e4ysk\u00e4l\u00e4ss\u00e4\"}]},{\"@type\":\"WebSite\",\"@id\":\"https:\\\/\\\/www.rayskala.fi\\\/gpkisa\\\/#website\",\"url\":\"https:\\\/\\\/www.rayskala.fi\\\/gpkisa\\\/\",\"name\":\"GP-kilpailut R\u00e4ysk\u00e4l\u00e4ss\u00e4\",\"description\":\"Purjelennon GP-kilpailu\",\"potentialAction\":[{\"@type\":\"SearchAction\",\"target\":{\"@type\":\"EntryPoint\",\"urlTemplate\":\"https:\\\/\\\/www.rayskala.fi\\\/gpkisa\\\/?s={search_term_string}\"},\"query-input\":{\"@type\":\"PropertyValueSpecification\",\"valueRequired\":true,\"valueName\":\"search_term_string\"}}],\"inLanguage\":\"fi\"}]}<\/script>\n<!-- \/ Yoast SEO plugin. -->","yoast_head_json":{"title":"Purjelennon GP-kisa R\u00e4ysk\u00e4l\u00e4ss\u00e4 - GP-kilpailut R\u00e4ysk\u00e4l\u00e4ss\u00e4","description":"Purjelennon GP-kilpailu. Gliding GP in Finland.","robots":{"index":"index","follow":"follow","max-snippet":"max-snippet:-1","max-image-preview":"max-image-preview:large","max-video-preview":"max-video-preview:-1"},"canonical":"https:\/\/www.rayskala.fi\/gpkisa\/","og_locale":"fi_FI","og_type":"article","og_title":"Purjelennon GP-kisa R\u00e4ysk\u00e4l\u00e4ss\u00e4 - GP-kilpailut R\u00e4ysk\u00e4l\u00e4ss\u00e4","og_description":"Purjelennon GP-kilpailu. Gliding GP in Finland.","og_url":"https:\/\/www.rayskala.fi\/gpkisa\/","og_site_name":"GP-kilpailut R\u00e4ysk\u00e4l\u00e4ss\u00e4","article_modified_time":"2025-02-12T18:26:30+00:00","twitter_card":"summary_large_image","twitter_misc":{"Arvioitu lukuaika":"2 minuuttia"},"schema":{"@context":"https:\/\/schema.org","@graph":[{"@type":"WebPage","@id":"https:\/\/www.rayskala.fi\/gpkisa\/","url":"https:\/\/www.rayskala.fi\/gpkisa\/","name":"Purjelennon GP-kisa R\u00e4ysk\u00e4l\u00e4ss\u00e4 - GP-kilpailut R\u00e4ysk\u00e4l\u00e4ss\u00e4","isPartOf":{"@id":"https:\/\/www.rayskala.fi\/gpkisa\/#website"},"datePublished":"2019-04-17T09:17:05+00:00","dateModified":"2025-02-12T18:26:30+00:00","description":"Purjelennon GP-kilpailu. Gliding GP in Finland.","breadcrumb":{"@id":"https:\/\/www.rayskala.fi\/gpkisa\/#breadcrumb"},"inLanguage":"fi","potentialAction":[{"@type":"ReadAction","target":["https:\/\/www.rayskala.fi\/gpkisa\/"]}]},{"@type":"BreadcrumbList","@id":"https:\/\/www.rayskala.fi\/gpkisa\/#breadcrumb","itemListElement":[{"@type":"ListItem","position":1,"name":"Home","item":"https:\/\/www.rayskala.fi\/gpkisa\/"},{"@type":"ListItem","position":2,"name":"Purjelennon GP-kisa R\u00e4ysk\u00e4l\u00e4ss\u00e4"}]},{"@type":"WebSite","@id":"https:\/\/www.rayskala.fi\/gpkisa\/#website","url":"https:\/\/www.rayskala.fi\/gpkisa\/","name":"GP-kilpailut R\u00e4ysk\u00e4l\u00e4ss\u00e4","description":"Purjelennon GP-kilpailu","potentialAction":[{"@type":"SearchAction","target":{"@type":"EntryPoint","urlTemplate":"https:\/\/www.rayskala.fi\/gpkisa\/?s={search_term_string}"},"query-input":{"@type":"PropertyValueSpecification","valueRequired":true,"valueName":"search_term_string"}}],"inLanguage":"fi"}]}},"publishpress_future_action":{"enabled":false,"date":"2026-04-15 03:21:29","action":"change-status","newStatus":"draft","terms":[],"taxonomy":"","extraData":[]},"publishpress_future_workflow_manual_trigger":{"enabledWorkflows":[]},"_links":{"self":[{"href":"https:\/\/www.rayskala.fi\/gpkisa\/wp-json\/wp\/v2\/pages\/2","targetHints":{"allow":["GET"]}}],"collection":[{"href":"https:\/\/www.rayskala.fi\/gpkisa\/wp-json\/wp\/v2\/pages"}],"about":[{"href":"https:\/\/www.rayskala.fi\/gpkisa\/wp-json\/wp\/v2\/types\/page"}],"author":[{"embeddable":true,"href":"https:\/\/www.rayskala.fi\/gpkisa\/wp-json\/wp\/v2\/users\/1"}],"replies":[{"embeddable":true,"href":"https:\/\/www.rayskala.fi\/gpkisa\/wp-json\/wp\/v2\/comments?post=2"}],"version-history":[{"count":62,"href":"https:\/\/www.rayskala.fi\/gpkisa\/wp-json\/wp\/v2\/pages\/2\/revisions"}],"predecessor-version":[{"id":363,"href":"https:\/\/www.rayskala.fi\/gpkisa\/wp-json\/wp\/v2\/pages\/2\/revisions\/363"}],"wp:attachment":[{"href":"https:\/\/www.rayskala.fi\/gpkisa\/wp-json\/wp\/v2\/media?parent=2"}],"curies":[{"name":"wp","href":"https:\/\/api.w.org\/{rel}","templated":true}]}}